{"id":1160,"date":"2017-06-19T05:41:37","date_gmt":"2017-06-19T05:41:37","guid":{"rendered":"https:\/\/suprema.ppg.br\/site\/home\/"},"modified":"2021-01-25T17:26:09","modified_gmt":"2021-01-25T17:26:09","slug":"home","status":"publish","type":"page","link":"https:\/\/suprema.ppg.br\/site\/","title":{"rendered":"Home"},"content":{"rendered":"\t\t<div data-elementor-type=\"wp-post\" data-elementor-id=\"1160\" class=\"elementor elementor-1160\" data-elementor-post-type=\"page\">\n\t\t\t\t\t\t<section class=\"elementor-section elementor-top-section elementor-element elementor-element-3vfx5aa elementor-section-content-top elementor-section-boxed elementor-section-height-default elementor-section-height-default elementor-invisible\" data-id=\"3vfx5aa\" data-element_type=\"section\" data-e-type=\"section\" data-settings=\"{&quot;background_background&quot;:&quot;classic&quot;,&quot;animation&quot;:&quot;fadeIn&quot;}\">\n\t\t\t\t\t\t\t<div class=\"elementor-background-overlay\"><\/div>\n\t\t\t\t\t\t\t<div class=\"elementor-container elementor-column-gap-default\">\n\t\t\t\t\t<div class=\"elementor-column elementor-col-50 elementor-top-column elementor-element elementor-element-h991bof\" data-id=\"h991bof\" data-element_type=\"column\" data-e-type=\"column\">\n\t\t\t<div class=\"elementor-widget-wrap elementor-element-populated\">\n\t\t\t\t\t\t<div class=\"elementor-element elementor-element-65c4b18 elementor-invisible elementor-widget elementor-widget-image\" data-id=\"65c4b18\" data-element_type=\"widget\" data-e-type=\"widget\" data-settings=\"{&quot;_animation&quot;:&quot;slideInRight&quot;}\" data-widget_type=\"image.default\">\n\t\t\t\t<div class=\"elementor-widget-container\">\n\t\t\t\t\t\t\t\t\t\t\t\t\t\t\t<img fetchpriority=\"high\" decoding=\"async\" width=\"300\" height=\"254\" src=\"https:\/\/suprema.ppg.br\/site\/wp-content\/uploads\/2020\/07\/\u00cdcones-capa-300x254.png\" class=\"attachment-medium size-medium wp-image-1284\" alt=\"\" srcset=\"https:\/\/suprema.ppg.br\/site\/wp-content\/uploads\/2020\/07\/\u00cdcones-capa-300x254.png 300w, https:\/\/suprema.ppg.br\/site\/wp-content\/uploads\/2020\/07\/\u00cdcones-capa-768x651.png 768w, https:\/\/suprema.ppg.br\/site\/wp-content\/uploads\/2020\/07\/\u00cdcones-capa.png 1015w\" sizes=\"(max-width: 300px) 100vw, 300px\" \/>\t\t\t\t\t\t\t\t\t\t\t\t\t\t\t<\/div>\n\t\t\t\t<\/div>\n\t\t\t\t\t<\/div>\n\t\t<\/div>\n\t\t\t\t<div class=\"elementor-column elementor-col-50 elementor-top-column elementor-element elementor-element-93d9304\" data-id=\"93d9304\" data-element_type=\"column\" data-e-type=\"column\">\n\t\t\t<div class=\"elementor-widget-wrap elementor-element-populated\">\n\t\t\t\t\t\t<div class=\"elementor-element elementor-element-7f1dad0 elementor-invisible elementor-widget elementor-widget-image\" data-id=\"7f1dad0\" data-element_type=\"widget\" data-e-type=\"widget\" data-settings=\"{&quot;_animation&quot;:&quot;slideInLeft&quot;}\" data-widget_type=\"image.default\">\n\t\t\t\t<div class=\"elementor-widget-container\">\n\t\t\t\t\t\t\t\t\t\t\t\t\t\t\t<img decoding=\"async\" width=\"300\" height=\"191\" src=\"https:\/\/suprema.ppg.br\/site\/wp-content\/uploads\/2019\/12\/Simples-como-as-grande-ideias-branco-capa-300x191.png\" class=\"attachment-medium size-medium wp-image-1278\" alt=\"\" srcset=\"https:\/\/suprema.ppg.br\/site\/wp-content\/uploads\/2019\/12\/Simples-como-as-grande-ideias-branco-capa-300x191.png 300w, https:\/\/suprema.ppg.br\/site\/wp-content\/uploads\/2019\/12\/Simples-como-as-grande-ideias-branco-capa.png 445w\" sizes=\"(max-width: 300px) 100vw, 300px\" \/>\t\t\t\t\t\t\t\t\t\t\t\t\t\t\t<\/div>\n\t\t\t\t<\/div>\n\t\t\t\t\t<\/div>\n\t\t<\/div>\n\t\t\t\t\t<\/div>\n\t\t<\/section>\n\t\t\t\t<section class=\"elementor-section elementor-top-section elementor-element elementor-element-1u4upoi elementor-section-stretched elementor-section-boxed elementor-section-height-default elementor-section-height-default\" data-id=\"1u4upoi\" data-element_type=\"section\" data-e-type=\"section\" data-settings=\"{&quot;stretch_section&quot;:&quot;section-stretched&quot;,&quot;background_background&quot;:&quot;classic&quot;,&quot;animation&quot;:&quot;none&quot;}\">\n\t\t\t\t\t\t\t<div class=\"elementor-background-overlay\"><\/div>\n\t\t\t\t\t\t\t<div class=\"elementor-container elementor-column-gap-default\">\n\t\t\t\t\t<div class=\"elementor-column elementor-col-100 elementor-top-column elementor-element elementor-element-ge1h3f7\" data-id=\"ge1h3f7\" data-element_type=\"column\" data-e-type=\"column\">\n\t\t\t<div class=\"elementor-widget-wrap elementor-element-populated\">\n\t\t\t\t\t\t<div class=\"elementor-element elementor-element-b82f49b elementor-widget elementor-widget-menu-anchor\" data-id=\"b82f49b\" data-element_type=\"widget\" data-e-type=\"widget\" data-widget_type=\"menu-anchor.default\">\n\t\t\t\t<div class=\"elementor-widget-container\">\n\t\t\t\t\t\t\t<div class=\"elementor-menu-anchor\" id=\"sobre\"><\/div>\n\t\t\t\t\t\t<\/div>\n\t\t\t\t<\/div>\n\t\t\t\t<div class=\"elementor-element elementor-element-4uc3aor elementor-widget elementor-widget-heading\" data-id=\"4uc3aor\" data-element_type=\"widget\" data-e-type=\"widget\" data-widget_type=\"heading.default\">\n\t\t\t\t<div class=\"elementor-widget-container\">\n\t\t\t\t\t<h3 class=\"elementor-heading-title elementor-size-default\">Total e Integrada<\/h3>\t\t\t\t<\/div>\n\t\t\t\t<\/div>\n\t\t\t\t<section class=\"elementor-section elementor-inner-section elementor-element elementor-element-ae5d994 elementor-section-boxed elementor-section-height-default elementor-section-height-default\" data-id=\"ae5d994\" data-element_type=\"section\" data-e-type=\"section\">\n\t\t\t\t\t\t<div class=\"elementor-container elementor-column-gap-default\">\n\t\t\t\t\t<div class=\"elementor-column elementor-col-66 elementor-inner-column elementor-element elementor-element-1b2e825\" data-id=\"1b2e825\" data-element_type=\"column\" data-e-type=\"column\">\n\t\t\t<div class=\"elementor-widget-wrap elementor-element-populated\">\n\t\t\t\t\t\t<div class=\"elementor-element elementor-element-43z9h6r elementor-widget elementor-widget-text-editor\" data-id=\"43z9h6r\" data-element_type=\"widget\" data-e-type=\"widget\" data-widget_type=\"text-editor.default\">\n\t\t\t\t<div class=\"elementor-widget-container\">\n\t\t\t\t\t\t\t\t\t<p style=\"text-align: left;\">Desde a sua funda\u00e7\u00e3o, em fevereiro de 1992, a Suprema se posiciona como uma ag\u00eancia de comunica\u00e7\u00e3o total e integrada.<\/p><p style=\"text-align: left;\">Por sua caracter\u00edstica e com os profissionais que possui, realiza os servi\u00e7os de planejamento, concep\u00e7\u00e3o, cria\u00e7\u00e3o, execu\u00e7\u00e3o e distribui\u00e7\u00e3o de todas as formas de comunica\u00e7\u00e3o social, atendendo os clientes nas \u00e1reas de publicidade, propaganda, design gr\u00e1fico, m\u00eddias digitais e eventos corporativos.<\/p><p style=\"text-align: left;\">A Suprema utiliza toda a sua for\u00e7a criativa, experi\u00eancia e conhecimento t\u00e9cnico para desenvolver solu\u00e7\u00f5es integradas de comunica\u00e7\u00e3o que garantam precis\u00e3o e resultados, alcan\u00e7ando o m\u00e1ximo de impacto nos consumidores e a satisfa\u00e7\u00e3o dos clientes.<\/p><p style=\"text-align: left;\">O nosso trabalho \u00e9 desenvolvido com paix\u00e3o e comprometimento.<\/p><p style=\"text-align: left;\">Nosso esp\u00edrito de lideran\u00e7a \u00e9 baseado na ousadia, na inova\u00e7\u00e3o, no trabalho em equipe.<\/p><p style=\"text-align: left;\">Buscamos permanentemente a qualidade, com alto n\u00edvel de exig\u00eancia em todos os trabalhos e contando com fornecedores\/parceiros verdadeiramente comprometidos com a qualidade.<\/p><p style=\"text-align: left;\">Mantemos acima de tudo a \u00e9tica, a transpar\u00eancia e a seriedade em todas as rela\u00e7\u00f5es.<\/p><p style=\"text-align: left;\">Trabalhamos seguindo a Legisla\u00e7\u00e3o da Publicidade Brasileira, Lei dos Direitos Autorais, C\u00f3digo de \u00c9tica dos Profissionais da Propaganda, C\u00f3digo Brasileiro de Auto-Regulamenta\u00e7\u00e3o Publicit\u00e1ria institu\u00eddo pelo CONAR, C\u00f3digo de Defesa do Consumidor e pelas Normas-Padr\u00e3o da Atividade Publicit\u00e1ria institu\u00eddas pelo CENP.<\/p><p style=\"text-align: left;\">Buscamos o constante envolvimento com a comunidade e o respeito ao meio ambiente.<\/p>\t\t\t\t\t\t\t\t<\/div>\n\t\t\t\t<\/div>\n\t\t\t\t\t<\/div>\n\t\t<\/div>\n\t\t\t\t<div class=\"elementor-column elementor-col-33 elementor-inner-column elementor-element elementor-element-e27996a\" data-id=\"e27996a\" data-element_type=\"column\" data-e-type=\"column\">\n\t\t\t<div class=\"elementor-widget-wrap elementor-element-populated\">\n\t\t\t\t\t\t<div class=\"elementor-element elementor-element-9f84904 elementor-position-top elementor-widget elementor-widget-image-box\" data-id=\"9f84904\" data-element_type=\"widget\" data-e-type=\"widget\" data-widget_type=\"image-box.default\">\n\t\t\t\t<div class=\"elementor-widget-container\">\n\t\t\t\t\t<div class=\"elementor-image-box-wrapper\"><figure class=\"elementor-image-box-img\"><img decoding=\"async\" width=\"303\" height=\"625\" src=\"https:\/\/suprema.ppg.br\/site\/wp-content\/uploads\/2020\/07\/Pr\u00eamio-Especial-Jornal-Zero-Hora-pela-qualidade-de-an\u00fancios-em-jornal-Sal\u00e3o-da-Propaganda-ARP.png\" class=\"attachment-full size-full wp-image-1295\" alt=\"\" srcset=\"https:\/\/suprema.ppg.br\/site\/wp-content\/uploads\/2020\/07\/Pr\u00eamio-Especial-Jornal-Zero-Hora-pela-qualidade-de-an\u00fancios-em-jornal-Sal\u00e3o-da-Propaganda-ARP.png 303w, https:\/\/suprema.ppg.br\/site\/wp-content\/uploads\/2020\/07\/Pr\u00eamio-Especial-Jornal-Zero-Hora-pela-qualidade-de-an\u00fancios-em-jornal-Sal\u00e3o-da-Propaganda-ARP-145x300.png 145w\" sizes=\"(max-width: 303px) 100vw, 303px\" \/><\/figure><div class=\"elementor-image-box-content\"><p class=\"elementor-image-box-description\">Pr\u00eamio Especial Jornal Zero Hora pela qualidade de an\u00fancios em jornal.\nSal\u00e3o da Propaganda ARP<\/p><\/div><\/div>\t\t\t\t<\/div>\n\t\t\t\t<\/div>\n\t\t\t\t<div class=\"elementor-element elementor-element-67c0716 elementor-position-top elementor-widget elementor-widget-image-box\" data-id=\"67c0716\" data-element_type=\"widget\" data-e-type=\"widget\" data-widget_type=\"image-box.default\">\n\t\t\t\t<div class=\"elementor-widget-container\">\n\t\t\t\t\t<div class=\"elementor-image-box-wrapper\"><figure class=\"elementor-image-box-img\"><img loading=\"lazy\" decoding=\"async\" width=\"382\" height=\"427\" src=\"https:\/\/suprema.ppg.br\/site\/wp-content\/uploads\/2020\/07\/Pr\u00eamio-Prata-\u00c1rea-Televis\u00e3o-e-Cinema-Sal\u00e3o-da-Propaganda.png\" class=\"attachment-full size-full wp-image-1294\" alt=\"\" srcset=\"https:\/\/suprema.ppg.br\/site\/wp-content\/uploads\/2020\/07\/Pr\u00eamio-Prata-\u00c1rea-Televis\u00e3o-e-Cinema-Sal\u00e3o-da-Propaganda.png 382w, https:\/\/suprema.ppg.br\/site\/wp-content\/uploads\/2020\/07\/Pr\u00eamio-Prata-\u00c1rea-Televis\u00e3o-e-Cinema-Sal\u00e3o-da-Propaganda-268x300.png 268w\" sizes=\"(max-width: 382px) 100vw, 382px\" \/><\/figure><div class=\"elementor-image-box-content\"><p class=\"elementor-image-box-description\">Pr\u00eamio Prata \u00c1rea Televis\u00e3o e Cinema Sal\u00e3o da Propaganda<\/p><\/div><\/div>\t\t\t\t<\/div>\n\t\t\t\t<\/div>\n\t\t\t\t<div class=\"elementor-element elementor-element-24dd684 elementor-position-top elementor-widget elementor-widget-image-box\" data-id=\"24dd684\" data-element_type=\"widget\" data-e-type=\"widget\" data-widget_type=\"image-box.default\">\n\t\t\t\t<div class=\"elementor-widget-container\">\n\t\t\t\t\t<div class=\"elementor-image-box-wrapper\"><figure class=\"elementor-image-box-img\"><img loading=\"lazy\" decoding=\"async\" width=\"385\" height=\"428\" src=\"https:\/\/suprema.ppg.br\/site\/wp-content\/uploads\/2020\/07\/Pr\u00eamio-Bronze-\u00c1rea-Gr\u00e1fica-Promocional-Sal\u00e3o-da-Propaganda.png\" class=\"attachment-full size-full wp-image-1293\" alt=\"\" srcset=\"https:\/\/suprema.ppg.br\/site\/wp-content\/uploads\/2020\/07\/Pr\u00eamio-Bronze-\u00c1rea-Gr\u00e1fica-Promocional-Sal\u00e3o-da-Propaganda.png 385w, https:\/\/suprema.ppg.br\/site\/wp-content\/uploads\/2020\/07\/Pr\u00eamio-Bronze-\u00c1rea-Gr\u00e1fica-Promocional-Sal\u00e3o-da-Propaganda-270x300.png 270w\" sizes=\"(max-width: 385px) 100vw, 385px\" \/><\/figure><div class=\"elementor-image-box-content\"><p class=\"elementor-image-box-description\">Pr\u00eamio Bronze \u00c1rea Gr\u00e1fica Promocional Sal\u00e3o da Propaganda<\/p><\/div><\/div>\t\t\t\t<\/div>\n\t\t\t\t<\/div>\n\t\t\t\t\t<\/div>\n\t\t<\/div>\n\t\t\t\t\t<\/div>\n\t\t<\/section>\n\t\t\t\t<div class=\"elementor-element elementor-element-h2cfn4h elementor-widget-divider--view-line elementor-widget elementor-widget-divider\" data-id=\"h2cfn4h\" data-element_type=\"widget\" data-e-type=\"widget\" data-widget_type=\"divider.default\">\n\t\t\t\t<div class=\"elementor-widget-container\">\n\t\t\t\t\t\t\t<div class=\"elementor-divider\">\n\t\t\t<span class=\"elementor-divider-separator\">\n\t\t\t\t\t\t<\/span>\n\t\t<\/div>\n\t\t\t\t\t\t<\/div>\n\t\t\t\t<\/div>\n\t\t\t\t\t<\/div>\n\t\t<\/div>\n\t\t\t\t\t<\/div>\n\t\t<\/section>\n\t\t\t\t<\/div>\n\t\t","protected":false},"excerpt":{"rendered":"<p>Total e Integrada Desde a sua funda\u00e7\u00e3o, em fevereiro de 1992, a Suprema se posiciona como uma ag\u00eancia de comunica\u00e7\u00e3o total e integrada. Por sua caracter\u00edstica e com os profissionais que possui, realiza os servi\u00e7os de planejamento, concep\u00e7\u00e3o, cria\u00e7\u00e3o, execu\u00e7\u00e3o e distribui\u00e7\u00e3o de todas as formas de comunica\u00e7\u00e3o social, atendendo os clientes nas \u00e1reas de [&hellip;]<\/p>\n","protected":false},"author":1,"featured_media":0,"parent":0,"menu_order":0,"comment_status":"closed","ping_status":"open","template":"","meta":{"site-sidebar-layout":"no-sidebar","site-content-layout":"page-builder","ast-site-content-layout":"default","site-content-style":"default","site-sidebar-style":"default","ast-global-header-display":"","ast-banner-title-visibility":"","ast-main-header-display":"","ast-hfb-above-header-display":"","ast-hfb-below-header-display":"","ast-hfb-mobile-header-display":"","site-post-title":"disabled","ast-breadcrumbs-content":"","ast-featured-img":"disabled","footer-sml-layout":"","ast-disable-related-posts":"","theme-transparent-header-meta":"default","adv-header-id-meta":"","stick-header-meta":"","header-above-stick-meta":"","header-main-stick-meta":"","header-below-stick-meta":"","astra-migrate-meta-layouts":"default","ast-page-background-enabled":"default","ast-page-background-meta":{"desktop":{"background-color":"","background-image":"","background-repeat":"repeat","background-position":"center center","background-size":"auto","background-attachment":"scroll","background-type":"","background-media":"","overlay-type":"","overlay-color":"","overlay-opacity":"","overlay-gradient":""},"tablet":{"background-color":"","background-image":"","background-repeat":"repeat","background-position":"center center","background-size":"auto","background-attachment":"scroll","background-type":"","background-media":"","overlay-type":"","overlay-color":"","overlay-opacity":"","overlay-gradient":""},"mobile":{"background-color":"","background-image":"","background-repeat":"repeat","background-position":"center center","background-size":"auto","background-attachment":"scroll","background-type":"","background-media":"","overlay-type":"","overlay-color":"","overlay-opacity":"","overlay-gradient":""}},"ast-content-background-meta":{"desktop":{"background-color":"var(--ast-global-color-5)","background-image":"","background-repeat":"repeat","background-position":"center center","background-size":"auto","background-attachment":"scroll","background-type":"","background-media":"","overlay-type":"","overlay-color":"","overlay-opacity":"","overlay-gradient":""},"tablet":{"background-color":"var(--ast-global-color-5)","background-image":"","background-repeat":"repeat","background-position":"center center","background-size":"auto","background-attachment":"scroll","background-type":"","background-media":"","overlay-type":"","overlay-color":"","overlay-opacity":"","overlay-gradient":""},"mobile":{"background-color":"var(--ast-global-color-5)","background-image":"","background-repeat":"repeat","background-position":"center center","background-size":"auto","background-attachment":"scroll","background-type":"","background-media":"","overlay-type":"","overlay-color":"","overlay-opacity":"","overlay-gradient":""}},"footnotes":""},"class_list":["post-1160","page","type-page","status-publish","hentry"],"yoast_head":"<!-- This site is optimized with the Yoast SEO plugin v27.4 - https:\/\/yoast.com\/product\/yoast-seo-wordpress\/ -->\n<title>Home - Suprema - Ag\u00eancia de Comunica\u00e7\u00e3o Total e Integrada<\/title>\n<meta name=\"robots\" content=\"index, follow, max-snippet:-1, max-image-preview:large, max-video-preview:-1\" \/>\n<link rel=\"canonical\" href=\"https:\/\/suprema.ppg.br\/site\/\" \/>\n<meta property=\"og:locale\" content=\"pt_BR\" \/>\n<meta property=\"og:type\" content=\"article\" \/>\n<meta property=\"og:title\" content=\"Home - Suprema - Ag\u00eancia de Comunica\u00e7\u00e3o Total e Integrada\" \/>\n<meta property=\"og:description\" content=\"Total e Integrada Desde a sua funda\u00e7\u00e3o, em fevereiro de 1992, a Suprema se posiciona como uma ag\u00eancia de comunica\u00e7\u00e3o total e integrada. Por sua caracter\u00edstica e com os profissionais que possui, realiza os servi\u00e7os de planejamento, concep\u00e7\u00e3o, cria\u00e7\u00e3o, execu\u00e7\u00e3o e distribui\u00e7\u00e3o de todas as formas de comunica\u00e7\u00e3o social, atendendo os clientes nas \u00e1reas de [&hellip;]\" \/>\n<meta property=\"og:url\" content=\"https:\/\/suprema.ppg.br\/site\/\" \/>\n<meta property=\"og:site_name\" content=\"Suprema - Ag\u00eancia de Comunica\u00e7\u00e3o Total e Integrada\" \/>\n<meta property=\"article:modified_time\" content=\"2021-01-25T17:26:09+00:00\" \/>\n<meta property=\"og:image\" content=\"https:\/\/suprema.ppg.br\/site\/wp-content\/uploads\/2019\/12\/Simples-como-as-grande-ideias-branco-capa-300x191.png\" \/>\n<meta name=\"twitter:card\" content=\"summary_large_image\" \/>\n<meta name=\"twitter:label1\" content=\"Est. tempo de leitura\" \/>\n\t<meta name=\"twitter:data1\" content=\"1 minuto\" \/>\n<script type=\"application\/ld+json\" class=\"yoast-schema-graph\">{\"@context\":\"https:\\\/\\\/schema.org\",\"@graph\":[{\"@type\":\"WebPage\",\"@id\":\"https:\\\/\\\/suprema.ppg.br\\\/site\\\/\",\"url\":\"https:\\\/\\\/suprema.ppg.br\\\/site\\\/\",\"name\":\"Home - Suprema - Ag\u00eancia de Comunica\u00e7\u00e3o Total e Integrada\",\"isPartOf\":{\"@id\":\"https:\\\/\\\/suprema.ppg.br\\\/site\\\/#website\"},\"primaryImageOfPage\":{\"@id\":\"https:\\\/\\\/suprema.ppg.br\\\/site\\\/#primaryimage\"},\"image\":{\"@id\":\"https:\\\/\\\/suprema.ppg.br\\\/site\\\/#primaryimage\"},\"thumbnailUrl\":\"https:\\\/\\\/suprema.ppg.br\\\/site\\\/wp-content\\\/uploads\\\/2019\\\/12\\\/Simples-como-as-grande-ideias-branco-capa-300x191.png\",\"datePublished\":\"2017-06-19T05:41:37+00:00\",\"dateModified\":\"2021-01-25T17:26:09+00:00\",\"breadcrumb\":{\"@id\":\"https:\\\/\\\/suprema.ppg.br\\\/site\\\/#breadcrumb\"},\"inLanguage\":\"pt-BR\",\"potentialAction\":[{\"@type\":\"ReadAction\",\"target\":[\"https:\\\/\\\/suprema.ppg.br\\\/site\\\/\"]}]},{\"@type\":\"ImageObject\",\"inLanguage\":\"pt-BR\",\"@id\":\"https:\\\/\\\/suprema.ppg.br\\\/site\\\/#primaryimage\",\"url\":\"https:\\\/\\\/suprema.ppg.br\\\/site\\\/wp-content\\\/uploads\\\/2019\\\/12\\\/Simples-como-as-grande-ideias-branco-capa.png\",\"contentUrl\":\"https:\\\/\\\/suprema.ppg.br\\\/site\\\/wp-content\\\/uploads\\\/2019\\\/12\\\/Simples-como-as-grande-ideias-branco-capa.png\",\"width\":445,\"height\":283},{\"@type\":\"BreadcrumbList\",\"@id\":\"https:\\\/\\\/suprema.ppg.br\\\/site\\\/#breadcrumb\",\"itemListElement\":[{\"@type\":\"ListItem\",\"position\":1,\"name\":\"In\u00edcio\",\"item\":\"https:\\\/\\\/suprema.ppg.br\\\/site\\\/\"},{\"@type\":\"ListItem\",\"position\":2,\"name\":\"Home\"}]},{\"@type\":\"WebSite\",\"@id\":\"https:\\\/\\\/suprema.ppg.br\\\/site\\\/#website\",\"url\":\"https:\\\/\\\/suprema.ppg.br\\\/site\\\/\",\"name\":\"Suprema - Ag\u00eancia de Comunica\u00e7\u00e3o Total e Integrada\",\"description\":\"Ag&ecirc;ncia de comunica&ccedil;&atilde;o e publicidade\",\"publisher\":{\"@id\":\"https:\\\/\\\/suprema.ppg.br\\\/site\\\/#organization\"},\"potentialAction\":[{\"@type\":\"SearchAction\",\"target\":{\"@type\":\"EntryPoint\",\"urlTemplate\":\"https:\\\/\\\/suprema.ppg.br\\\/site\\\/?s={search_term_string}\"},\"query-input\":{\"@type\":\"PropertyValueSpecification\",\"valueRequired\":true,\"valueName\":\"search_term_string\"}}],\"inLanguage\":\"pt-BR\"},{\"@type\":\"Organization\",\"@id\":\"https:\\\/\\\/suprema.ppg.br\\\/site\\\/#organization\",\"name\":\"Suprema - Ag\u00eancia de Comunica\u00e7\u00e3o Total e Integrada\",\"url\":\"https:\\\/\\\/suprema.ppg.br\\\/site\\\/\",\"logo\":{\"@type\":\"ImageObject\",\"inLanguage\":\"pt-BR\",\"@id\":\"https:\\\/\\\/suprema.ppg.br\\\/site\\\/#\\\/schema\\\/logo\\\/image\\\/\",\"url\":\"https:\\\/\\\/suprema.ppg.br\\\/site\\\/wp-content\\\/uploads\\\/2020\\\/07\\\/Suprema-Color-com-baloom-e1594152875778.png\",\"contentUrl\":\"https:\\\/\\\/suprema.ppg.br\\\/site\\\/wp-content\\\/uploads\\\/2020\\\/07\\\/Suprema-Color-com-baloom-e1594152875778.png\",\"width\":375,\"height\":300,\"caption\":\"Suprema - Ag\u00eancia de Comunica\u00e7\u00e3o Total e Integrada\"},\"image\":{\"@id\":\"https:\\\/\\\/suprema.ppg.br\\\/site\\\/#\\\/schema\\\/logo\\\/image\\\/\"}}]}<\/script>\n<!-- \/ Yoast SEO plugin. -->","yoast_head_json":{"title":"Home - Suprema - Ag\u00eancia de Comunica\u00e7\u00e3o Total e Integrada","robots":{"index":"index","follow":"follow","max-snippet":"max-snippet:-1","max-image-preview":"max-image-preview:large","max-video-preview":"max-video-preview:-1"},"canonical":"https:\/\/suprema.ppg.br\/site\/","og_locale":"pt_BR","og_type":"article","og_title":"Home - Suprema - Ag\u00eancia de Comunica\u00e7\u00e3o Total e Integrada","og_description":"Total e Integrada Desde a sua funda\u00e7\u00e3o, em fevereiro de 1992, a Suprema se posiciona como uma ag\u00eancia de comunica\u00e7\u00e3o total e integrada. Por sua caracter\u00edstica e com os profissionais que possui, realiza os servi\u00e7os de planejamento, concep\u00e7\u00e3o, cria\u00e7\u00e3o, execu\u00e7\u00e3o e distribui\u00e7\u00e3o de todas as formas de comunica\u00e7\u00e3o social, atendendo os clientes nas \u00e1reas de [&hellip;]","og_url":"https:\/\/suprema.ppg.br\/site\/","og_site_name":"Suprema - Ag\u00eancia de Comunica\u00e7\u00e3o Total e Integrada","article_modified_time":"2021-01-25T17:26:09+00:00","og_image":[{"url":"https:\/\/suprema.ppg.br\/site\/wp-content\/uploads\/2019\/12\/Simples-como-as-grande-ideias-branco-capa-300x191.png","type":"","width":"","height":""}],"twitter_card":"summary_large_image","twitter_misc":{"Est. tempo de leitura":"1 minuto"},"schema":{"@context":"https:\/\/schema.org","@graph":[{"@type":"WebPage","@id":"https:\/\/suprema.ppg.br\/site\/","url":"https:\/\/suprema.ppg.br\/site\/","name":"Home - Suprema - Ag\u00eancia de Comunica\u00e7\u00e3o Total e Integrada","isPartOf":{"@id":"https:\/\/suprema.ppg.br\/site\/#website"},"primaryImageOfPage":{"@id":"https:\/\/suprema.ppg.br\/site\/#primaryimage"},"image":{"@id":"https:\/\/suprema.ppg.br\/site\/#primaryimage"},"thumbnailUrl":"https:\/\/suprema.ppg.br\/site\/wp-content\/uploads\/2019\/12\/Simples-como-as-grande-ideias-branco-capa-300x191.png","datePublished":"2017-06-19T05:41:37+00:00","dateModified":"2021-01-25T17:26:09+00:00","breadcrumb":{"@id":"https:\/\/suprema.ppg.br\/site\/#breadcrumb"},"inLanguage":"pt-BR","potentialAction":[{"@type":"ReadAction","target":["https:\/\/suprema.ppg.br\/site\/"]}]},{"@type":"ImageObject","inLanguage":"pt-BR","@id":"https:\/\/suprema.ppg.br\/site\/#primaryimage","url":"https:\/\/suprema.ppg.br\/site\/wp-content\/uploads\/2019\/12\/Simples-como-as-grande-ideias-branco-capa.png","contentUrl":"https:\/\/suprema.ppg.br\/site\/wp-content\/uploads\/2019\/12\/Simples-como-as-grande-ideias-branco-capa.png","width":445,"height":283},{"@type":"BreadcrumbList","@id":"https:\/\/suprema.ppg.br\/site\/#breadcrumb","itemListElement":[{"@type":"ListItem","position":1,"name":"In\u00edcio","item":"https:\/\/suprema.ppg.br\/site\/"},{"@type":"ListItem","position":2,"name":"Home"}]},{"@type":"WebSite","@id":"https:\/\/suprema.ppg.br\/site\/#website","url":"https:\/\/suprema.ppg.br\/site\/","name":"Suprema - Ag\u00eancia de Comunica\u00e7\u00e3o Total e Integrada","description":"Ag&ecirc;ncia de comunica&ccedil;&atilde;o e publicidade","publisher":{"@id":"https:\/\/suprema.ppg.br\/site\/#organization"},"potentialAction":[{"@type":"SearchAction","target":{"@type":"EntryPoint","urlTemplate":"https:\/\/suprema.ppg.br\/site\/?s={search_term_string}"},"query-input":{"@type":"PropertyValueSpecification","valueRequired":true,"valueName":"search_term_string"}}],"inLanguage":"pt-BR"},{"@type":"Organization","@id":"https:\/\/suprema.ppg.br\/site\/#organization","name":"Suprema - Ag\u00eancia de Comunica\u00e7\u00e3o Total e Integrada","url":"https:\/\/suprema.ppg.br\/site\/","logo":{"@type":"ImageObject","inLanguage":"pt-BR","@id":"https:\/\/suprema.ppg.br\/site\/#\/schema\/logo\/image\/","url":"https:\/\/suprema.ppg.br\/site\/wp-content\/uploads\/2020\/07\/Suprema-Color-com-baloom-e1594152875778.png","contentUrl":"https:\/\/suprema.ppg.br\/site\/wp-content\/uploads\/2020\/07\/Suprema-Color-com-baloom-e1594152875778.png","width":375,"height":300,"caption":"Suprema - Ag\u00eancia de Comunica\u00e7\u00e3o Total e Integrada"},"image":{"@id":"https:\/\/suprema.ppg.br\/site\/#\/schema\/logo\/image\/"}}]}},"jetpack_sharing_enabled":true,"_links":{"self":[{"href":"https:\/\/suprema.ppg.br\/site\/wp-json\/wp\/v2\/pages\/1160","targetHints":{"allow":["GET"]}}],"collection":[{"href":"https:\/\/suprema.ppg.br\/site\/wp-json\/wp\/v2\/pages"}],"about":[{"href":"https:\/\/suprema.ppg.br\/site\/wp-json\/wp\/v2\/types\/page"}],"author":[{"embeddable":true,"href":"https:\/\/suprema.ppg.br\/site\/wp-json\/wp\/v2\/users\/1"}],"replies":[{"embeddable":true,"href":"https:\/\/suprema.ppg.br\/site\/wp-json\/wp\/v2\/comments?post=1160"}],"version-history":[{"count":49,"href":"https:\/\/suprema.ppg.br\/site\/wp-json\/wp\/v2\/pages\/1160\/revisions"}],"predecessor-version":[{"id":1893,"href":"https:\/\/suprema.ppg.br\/site\/wp-json\/wp\/v2\/pages\/1160\/revisions\/1893"}],"wp:attachment":[{"href":"https:\/\/suprema.ppg.br\/site\/wp-json\/wp\/v2\/media?parent=1160"}],"curies":[{"name":"wp","href":"https:\/\/api.w.org\/{rel}","templated":true}]}}