{"id":1398,"date":"2020-07-08T17:31:53","date_gmt":"2020-07-08T17:31:53","guid":{"rendered":"https:\/\/suprema.ppg.br\/site\/?page_id=1398"},"modified":"2020-07-10T16:57:53","modified_gmt":"2020-07-10T16:57:53","slug":"portfolio-gestao-de-marcas-marcas-de-produtos","status":"publish","type":"page","link":"https:\/\/suprema.ppg.br\/site\/portfolio-gestao-de-marcas-marcas-de-produtos\/","title":{"rendered":"Portf\u00f3lio &#8211; Gest\u00e3o de Marcas &#8211; Marcas de Produtos"},"content":{"rendered":"\t\t<div data-elementor-type=\"wp-page\" data-elementor-id=\"1398\" class=\"elementor elementor-1398\" data-elementor-post-type=\"page\">\n\t\t\t\t\t\t<section class=\"elementor-section elementor-top-section elementor-element elementor-element-672c4fdf elementor-section-boxed elementor-section-height-default elementor-section-height-default\" data-id=\"672c4fdf\" data-element_type=\"section\" data-e-type=\"section\" data-settings=\"{&quot;background_background&quot;:&quot;classic&quot;}\">\n\t\t\t\t\t\t<div class=\"elementor-container elementor-column-gap-default\">\n\t\t\t\t\t<div class=\"elementor-column elementor-col-100 elementor-top-column elementor-element elementor-element-105fc992\" data-id=\"105fc992\" data-element_type=\"column\" data-e-type=\"column\">\n\t\t\t<div class=\"elementor-widget-wrap elementor-element-populated\">\n\t\t\t\t\t\t<div class=\"elementor-element elementor-element-566912f2 elementor-widget elementor-widget-heading\" data-id=\"566912f2\" data-element_type=\"widget\" data-e-type=\"widget\" data-widget_type=\"heading.default\">\n\t\t\t\t<div class=\"elementor-widget-container\">\n\t\t\t\t\t<h4 class=\"elementor-heading-title elementor-size-default\">Marcas de Produtos<\/h4>\t\t\t\t<\/div>\n\t\t\t\t<\/div>\n\t\t\t\t<div class=\"elementor-element elementor-element-7f1cc97c elementor-widget elementor-widget-text-editor\" data-id=\"7f1cc97c\" data-element_type=\"widget\" data-e-type=\"widget\" data-widget_type=\"text-editor.default\">\n\t\t\t\t<div class=\"elementor-widget-container\">\n\t\t\t\t\t\t\t\t\t<p>A Suprema Comunica\u00e7\u00e3o \u00e9 especializada no desenvolvimento de marcas e identidades visuais.<br \/>Nosso desafio \u00e9 colaborar cada vez mais na constru\u00e7\u00e3o e na gest\u00e3o de marcas de sucesso\u00a0aumentando a competitividade de nossos clientes.<\/p>\t\t\t\t\t\t\t\t<\/div>\n\t\t\t\t<\/div>\n\t\t\t\t<div class=\"elementor-element elementor-element-70bccdb1 elementor-grid-5 elementor-grid-mobile-3 elementor-grid-tablet-2 elementor-widget elementor-widget-portfolio\" data-id=\"70bccdb1\" data-element_type=\"widget\" data-e-type=\"widget\" data-settings=\"{&quot;columns&quot;:&quot;5&quot;,&quot;masonry&quot;:&quot;yes&quot;,&quot;row_gap&quot;:{&quot;unit&quot;:&quot;px&quot;,&quot;size&quot;:30,&quot;sizes&quot;:[]},&quot;columns_mobile&quot;:&quot;3&quot;,&quot;columns_tablet&quot;:&quot;2&quot;,&quot;item_gap&quot;:{&quot;unit&quot;:&quot;px&quot;,&quot;size&quot;:&quot;&quot;,&quot;sizes&quot;:[]}}\" data-widget_type=\"portfolio.default\">\n\t\t\t\t<div class=\"elementor-widget-container\">\n\t\t\t\t\t\t\t<div class=\"elementor-portfolio elementor-grid elementor-posts-container\">\n\t\t\t\t<article class=\"elementor-portfolio-item elementor-post elementor-filter-8 post-1353 portfolio_suprema type-portfolio_suprema status-publish has-post-thumbnail hentry category-marcas-de-produtos\">\n\t\t\t<a class=\"elementor-post__thumbnail__link\" href=\"https:\/\/suprema.ppg.br\/site\/portfolio_suprema\/cachaca-galo-azul-ouro\/\">\n\t\t\t\t<div class=\"elementor-portfolio-item__img elementor-post__thumbnail\">\n\t\t\t<img fetchpriority=\"high\" decoding=\"async\" width=\"494\" height=\"574\" src=\"https:\/\/suprema.ppg.br\/site\/wp-content\/uploads\/2020\/07\/Marca-Cacha\u00e7a-Galo-Azul.png\" class=\"attachment-medium_large size-medium_large wp-image-1217\" alt=\"\" srcset=\"https:\/\/suprema.ppg.br\/site\/wp-content\/uploads\/2020\/07\/Marca-Cacha\u00e7a-Galo-Azul.png 494w, https:\/\/suprema.ppg.br\/site\/wp-content\/uploads\/2020\/07\/Marca-Cacha\u00e7a-Galo-Azul-258x300.png 258w\" sizes=\"(max-width: 494px) 100vw, 494px\" \/>\t\t<\/div>\n\t\t\t\t<div class=\"elementor-portfolio-item__overlay\">\n\t\t\t\t<h6 class=\"elementor-portfolio-item__title\">\n\t\tCACHA\u00c7A GALO AZUL OURO\t\t<\/h6>\n\t\t\t\t<\/div>\n\t\t\t\t<\/a>\n\t\t<\/article>\n\t\t\t\t<article class=\"elementor-portfolio-item elementor-post elementor-filter-8 post-1355 portfolio_suprema type-portfolio_suprema status-publish has-post-thumbnail hentry category-marcas-de-produtos\">\n\t\t\t<a class=\"elementor-post__thumbnail__link\" href=\"https:\/\/suprema.ppg.br\/site\/portfolio_suprema\/krecker\/\">\n\t\t\t\t<div class=\"elementor-portfolio-item__img elementor-post__thumbnail\">\n\t\t\t<img decoding=\"async\" width=\"768\" height=\"544\" src=\"https:\/\/suprema.ppg.br\/site\/wp-content\/uploads\/2020\/07\/Marca-Krecker-768x544.png\" class=\"attachment-medium_large size-medium_large wp-image-1233\" alt=\"\" srcset=\"https:\/\/suprema.ppg.br\/site\/wp-content\/uploads\/2020\/07\/Marca-Krecker-768x544.png 768w, https:\/\/suprema.ppg.br\/site\/wp-content\/uploads\/2020\/07\/Marca-Krecker-300x213.png 300w, https:\/\/suprema.ppg.br\/site\/wp-content\/uploads\/2020\/07\/Marca-Krecker.png 895w\" sizes=\"(max-width: 768px) 100vw, 768px\" \/>\t\t<\/div>\n\t\t\t\t<div class=\"elementor-portfolio-item__overlay\">\n\t\t\t\t<h6 class=\"elementor-portfolio-item__title\">\n\t\tKRECKER\t\t<\/h6>\n\t\t\t\t<\/div>\n\t\t\t\t<\/a>\n\t\t<\/article>\n\t\t\t\t<article class=\"elementor-portfolio-item elementor-post elementor-filter-8 post-1356 portfolio_suprema type-portfolio_suprema status-publish has-post-thumbnail hentry category-marcas-de-produtos\">\n\t\t\t<a class=\"elementor-post__thumbnail__link\" href=\"https:\/\/suprema.ppg.br\/site\/portfolio_suprema\/nube-agua\/\">\n\t\t\t\t<div class=\"elementor-portfolio-item__img elementor-post__thumbnail\">\n\t\t\t<img decoding=\"async\" width=\"369\" height=\"426\" src=\"https:\/\/suprema.ppg.br\/site\/wp-content\/uploads\/2020\/07\/Marca-Nube-\u00c1gua.png\" class=\"attachment-medium_large size-medium_large wp-image-1242\" alt=\"\" srcset=\"https:\/\/suprema.ppg.br\/site\/wp-content\/uploads\/2020\/07\/Marca-Nube-\u00c1gua.png 369w, https:\/\/suprema.ppg.br\/site\/wp-content\/uploads\/2020\/07\/Marca-Nube-\u00c1gua-260x300.png 260w\" sizes=\"(max-width: 369px) 100vw, 369px\" \/>\t\t<\/div>\n\t\t\t\t<div class=\"elementor-portfolio-item__overlay\">\n\t\t\t\t<h6 class=\"elementor-portfolio-item__title\">\n\t\tNUBE \u00c1GUA\t\t<\/h6>\n\t\t\t\t<\/div>\n\t\t\t\t<\/a>\n\t\t<\/article>\n\t\t\t\t<article class=\"elementor-portfolio-item elementor-post elementor-filter-8 post-1351 portfolio_suprema type-portfolio_suprema status-publish has-post-thumbnail hentry category-marcas-de-produtos\">\n\t\t\t<a class=\"elementor-post__thumbnail__link\" href=\"https:\/\/suprema.ppg.br\/site\/portfolio_suprema\/dona-ana\/\">\n\t\t\t\t<div class=\"elementor-portfolio-item__img elementor-post__thumbnail\">\n\t\t\t<img loading=\"lazy\" decoding=\"async\" width=\"295\" height=\"322\" src=\"https:\/\/suprema.ppg.br\/site\/wp-content\/uploads\/2020\/07\/Marca-Farinha-Dona-Ana.png\" class=\"attachment-medium_large size-medium_large wp-image-1224\" alt=\"\" srcset=\"https:\/\/suprema.ppg.br\/site\/wp-content\/uploads\/2020\/07\/Marca-Farinha-Dona-Ana.png 295w, https:\/\/suprema.ppg.br\/site\/wp-content\/uploads\/2020\/07\/Marca-Farinha-Dona-Ana-275x300.png 275w\" sizes=\"(max-width: 295px) 100vw, 295px\" \/>\t\t<\/div>\n\t\t\t\t<div class=\"elementor-portfolio-item__overlay\">\n\t\t\t\t<h6 class=\"elementor-portfolio-item__title\">\n\t\tDONA ANA\t\t<\/h6>\n\t\t\t\t<\/div>\n\t\t\t\t<\/a>\n\t\t<\/article>\n\t\t\t\t<article class=\"elementor-portfolio-item elementor-post elementor-filter-8 post-1352 portfolio_suprema type-portfolio_suprema status-publish has-post-thumbnail hentry category-marcas-de-produtos\">\n\t\t\t<a class=\"elementor-post__thumbnail__link\" href=\"https:\/\/suprema.ppg.br\/site\/portfolio_suprema\/izs-refrigerantes\/\">\n\t\t\t\t<div class=\"elementor-portfolio-item__img elementor-post__thumbnail\">\n\t\t\t<img loading=\"lazy\" decoding=\"async\" width=\"758\" height=\"576\" src=\"https:\/\/suprema.ppg.br\/site\/wp-content\/uploads\/2020\/07\/Marca-ISZ-refrigerantes.png\" class=\"attachment-medium_large size-medium_large wp-image-1231\" alt=\"\" srcset=\"https:\/\/suprema.ppg.br\/site\/wp-content\/uploads\/2020\/07\/Marca-ISZ-refrigerantes.png 758w, https:\/\/suprema.ppg.br\/site\/wp-content\/uploads\/2020\/07\/Marca-ISZ-refrigerantes-300x228.png 300w\" sizes=\"(max-width: 758px) 100vw, 758px\" \/>\t\t<\/div>\n\t\t\t\t<div class=\"elementor-portfolio-item__overlay\">\n\t\t\t\t<h6 class=\"elementor-portfolio-item__title\">\n\t\tIZS REFRIGERANTES\t\t<\/h6>\n\t\t\t\t<\/div>\n\t\t\t\t<\/a>\n\t\t<\/article>\n\t\t\t\t<article class=\"elementor-portfolio-item elementor-post elementor-filter-8 post-1350 portfolio_suprema type-portfolio_suprema status-publish has-post-thumbnail hentry category-marcas-de-produtos\">\n\t\t\t<a class=\"elementor-post__thumbnail__link\" href=\"https:\/\/suprema.ppg.br\/site\/portfolio_suprema\/altissima-farinha-de-trigo\/\">\n\t\t\t\t<div class=\"elementor-portfolio-item__img elementor-post__thumbnail\">\n\t\t\t<img loading=\"lazy\" decoding=\"async\" width=\"768\" height=\"353\" src=\"https:\/\/suprema.ppg.br\/site\/wp-content\/uploads\/2020\/07\/Marca-Alt\u00edssima-768x353.png\" class=\"attachment-medium_large size-medium_large wp-image-1210\" alt=\"\" srcset=\"https:\/\/suprema.ppg.br\/site\/wp-content\/uploads\/2020\/07\/Marca-Alt\u00edssima-768x353.png 768w, https:\/\/suprema.ppg.br\/site\/wp-content\/uploads\/2020\/07\/Marca-Alt\u00edssima-300x138.png 300w, https:\/\/suprema.ppg.br\/site\/wp-content\/uploads\/2020\/07\/Marca-Alt\u00edssima.png 942w\" sizes=\"(max-width: 768px) 100vw, 768px\" \/>\t\t<\/div>\n\t\t\t\t<div class=\"elementor-portfolio-item__overlay\">\n\t\t\t\t<h6 class=\"elementor-portfolio-item__title\">\n\t\tALT\u00cdSSIMA FARINHA DE TRIGO\t\t<\/h6>\n\t\t\t\t<\/div>\n\t\t\t\t<\/a>\n\t\t<\/article>\n\t\t\t\t<article class=\"elementor-portfolio-item elementor-post elementor-filter-8 post-1354 portfolio_suprema type-portfolio_suprema status-publish has-post-thumbnail hentry category-marcas-de-produtos\">\n\t\t\t<a class=\"elementor-post__thumbnail__link\" href=\"https:\/\/suprema.ppg.br\/site\/portfolio_suprema\/imperador\/\">\n\t\t\t\t<div class=\"elementor-portfolio-item__img elementor-post__thumbnail\">\n\t\t\t<img loading=\"lazy\" decoding=\"async\" width=\"745\" height=\"344\" src=\"https:\/\/suprema.ppg.br\/site\/wp-content\/uploads\/2020\/07\/Marca-Imperador.png\" class=\"attachment-medium_large size-medium_large wp-image-1230\" alt=\"\" srcset=\"https:\/\/suprema.ppg.br\/site\/wp-content\/uploads\/2020\/07\/Marca-Imperador.png 745w, https:\/\/suprema.ppg.br\/site\/wp-content\/uploads\/2020\/07\/Marca-Imperador-300x139.png 300w\" sizes=\"(max-width: 745px) 100vw, 745px\" \/>\t\t<\/div>\n\t\t\t\t<div class=\"elementor-portfolio-item__overlay\">\n\t\t\t\t<h6 class=\"elementor-portfolio-item__title\">\n\t\tIMPERADOR\t\t<\/h6>\n\t\t\t\t<\/div>\n\t\t\t\t<\/a>\n\t\t<\/article>\n\t\t\t\t<\/div>\n\t\t\t\t\t\t<\/div>\n\t\t\t\t<\/div>\n\t\t\t\t\t<\/div>\n\t\t<\/div>\n\t\t\t\t\t<\/div>\n\t\t<\/section>\n\t\t\t\t<\/div>\n\t\t","protected":false},"excerpt":{"rendered":"<p>Marcas de Produtos A Suprema Comunica\u00e7\u00e3o \u00e9 especializada no desenvolvimento de marcas e identidades visuais.Nosso desafio \u00e9 colaborar cada vez mais na constru\u00e7\u00e3o e na gest\u00e3o de marcas de sucesso\u00a0aumentando a competitividade de nossos clientes.<\/p>\n","protected":false},"author":1,"featured_media":0,"parent":0,"menu_order":0,"comment_status":"closed","ping_status":"closed","template":"","meta":{"site-sidebar-layout":"no-sidebar","site-content-layout":"page-builder","ast-site-content-layout":"default","site-content-style":"default","site-sidebar-style":"default","ast-global-header-display":"","ast-banner-title-visibility":"","ast-main-header-display":"","ast-hfb-above-header-display":"","ast-hfb-below-header-display":"","ast-hfb-mobile-header-display":"","site-post-title":"disabled","ast-breadcrumbs-content":"","ast-featured-img":"disabled","footer-sml-layout":"","ast-disable-related-posts":"","theme-transparent-header-meta":"default","adv-header-id-meta":"","stick-header-meta":"","header-above-stick-meta":"","header-main-stick-meta":"","header-below-stick-meta":"","astra-migrate-meta-layouts":"default","ast-page-background-enabled":"default","ast-page-background-meta":{"desktop":{"background-color":"","background-image":"","background-repeat":"repeat","background-position":"center center","background-size":"auto","background-attachment":"scroll","background-type":"","background-media":"","overlay-type":"","overlay-color":"","overlay-opacity":"","overlay-gradient":""},"tablet":{"background-color":"","background-image":"","background-repeat":"repeat","background-position":"center center","background-size":"auto","background-attachment":"scroll","background-type":"","background-media":"","overlay-type":"","overlay-color":"","overlay-opacity":"","overlay-gradient":""},"mobile":{"background-color":"","background-image":"","background-repeat":"repeat","background-position":"center center","background-size":"auto","background-attachment":"scroll","background-type":"","background-media":"","overlay-type":"","overlay-color":"","overlay-opacity":"","overlay-gradient":""}},"ast-content-background-meta":{"desktop":{"background-color":"var(--ast-global-color-5)","background-image":"","background-repeat":"repeat","background-position":"center center","background-size":"auto","background-attachment":"scroll","background-type":"","background-media":"","overlay-type":"","overlay-color":"","overlay-opacity":"","overlay-gradient":""},"tablet":{"background-color":"var(--ast-global-color-5)","background-image":"","background-repeat":"repeat","background-position":"center center","background-size":"auto","background-attachment":"scroll","background-type":"","background-media":"","overlay-type":"","overlay-color":"","overlay-opacity":"","overlay-gradient":""},"mobile":{"background-color":"var(--ast-global-color-5)","background-image":"","background-repeat":"repeat","background-position":"center center","background-size":"auto","background-attachment":"scroll","background-type":"","background-media":"","overlay-type":"","overlay-color":"","overlay-opacity":"","overlay-gradient":""}},"footnotes":""},"class_list":["post-1398","page","type-page","status-publish","hentry"],"yoast_head":"<!-- This site is optimized with the Yoast SEO plugin v27.4 - https:\/\/yoast.com\/product\/yoast-seo-wordpress\/ -->\n<title>Portf\u00f3lio - Gest\u00e3o de Marcas - Marcas de Produtos - Suprema - Ag\u00eancia de Comunica\u00e7\u00e3o Total e Integrada<\/title>\n<meta name=\"robots\" content=\"index, follow, max-snippet:-1, max-image-preview:large, max-video-preview:-1\" \/>\n<link rel=\"canonical\" href=\"https:\/\/suprema.ppg.br\/site\/portfolio-gestao-de-marcas-marcas-de-produtos\/\" \/>\n<meta property=\"og:locale\" content=\"pt_BR\" \/>\n<meta property=\"og:type\" content=\"article\" \/>\n<meta property=\"og:title\" content=\"Portf\u00f3lio - Gest\u00e3o de Marcas - Marcas de Produtos - Suprema - Ag\u00eancia de Comunica\u00e7\u00e3o Total e Integrada\" \/>\n<meta property=\"og:description\" content=\"Marcas de Produtos A Suprema Comunica\u00e7\u00e3o \u00e9 especializada no desenvolvimento de marcas e identidades visuais.Nosso desafio \u00e9 colaborar cada vez mais na constru\u00e7\u00e3o e na gest\u00e3o de marcas de sucesso\u00a0aumentando a competitividade de nossos clientes.\" \/>\n<meta property=\"og:url\" content=\"https:\/\/suprema.ppg.br\/site\/portfolio-gestao-de-marcas-marcas-de-produtos\/\" \/>\n<meta property=\"og:site_name\" content=\"Suprema - Ag\u00eancia de Comunica\u00e7\u00e3o Total e Integrada\" \/>\n<meta property=\"article:modified_time\" content=\"2020-07-10T16:57:53+00:00\" \/>\n<meta name=\"twitter:card\" content=\"summary_large_image\" \/>\n<script type=\"application\/ld+json\" class=\"yoast-schema-graph\">{\"@context\":\"https:\\\/\\\/schema.org\",\"@graph\":[{\"@type\":\"WebPage\",\"@id\":\"https:\\\/\\\/suprema.ppg.br\\\/site\\\/portfolio-gestao-de-marcas-marcas-de-produtos\\\/\",\"url\":\"https:\\\/\\\/suprema.ppg.br\\\/site\\\/portfolio-gestao-de-marcas-marcas-de-produtos\\\/\",\"name\":\"Portf\u00f3lio - Gest\u00e3o de Marcas - Marcas de Produtos - Suprema - Ag\u00eancia de Comunica\u00e7\u00e3o Total e Integrada\",\"isPartOf\":{\"@id\":\"https:\\\/\\\/suprema.ppg.br\\\/site\\\/#website\"},\"datePublished\":\"2020-07-08T17:31:53+00:00\",\"dateModified\":\"2020-07-10T16:57:53+00:00\",\"breadcrumb\":{\"@id\":\"https:\\\/\\\/suprema.ppg.br\\\/site\\\/portfolio-gestao-de-marcas-marcas-de-produtos\\\/#breadcrumb\"},\"inLanguage\":\"pt-BR\",\"potentialAction\":[{\"@type\":\"ReadAction\",\"target\":[\"https:\\\/\\\/suprema.ppg.br\\\/site\\\/portfolio-gestao-de-marcas-marcas-de-produtos\\\/\"]}]},{\"@type\":\"BreadcrumbList\",\"@id\":\"https:\\\/\\\/suprema.ppg.br\\\/site\\\/portfolio-gestao-de-marcas-marcas-de-produtos\\\/#breadcrumb\",\"itemListElement\":[{\"@type\":\"ListItem\",\"position\":1,\"name\":\"In\u00edcio\",\"item\":\"https:\\\/\\\/suprema.ppg.br\\\/site\\\/\"},{\"@type\":\"ListItem\",\"position\":2,\"name\":\"Portf\u00f3lio &#8211; Gest\u00e3o de Marcas &#8211; Marcas de Produtos\"}]},{\"@type\":\"WebSite\",\"@id\":\"https:\\\/\\\/suprema.ppg.br\\\/site\\\/#website\",\"url\":\"https:\\\/\\\/suprema.ppg.br\\\/site\\\/\",\"name\":\"Suprema - Ag\u00eancia de Comunica\u00e7\u00e3o Total e Integrada\",\"description\":\"Ag&ecirc;ncia de comunica&ccedil;&atilde;o e publicidade\",\"publisher\":{\"@id\":\"https:\\\/\\\/suprema.ppg.br\\\/site\\\/#organization\"},\"potentialAction\":[{\"@type\":\"SearchAction\",\"target\":{\"@type\":\"EntryPoint\",\"urlTemplate\":\"https:\\\/\\\/suprema.ppg.br\\\/site\\\/?s={search_term_string}\"},\"query-input\":{\"@type\":\"PropertyValueSpecification\",\"valueRequired\":true,\"valueName\":\"search_term_string\"}}],\"inLanguage\":\"pt-BR\"},{\"@type\":\"Organization\",\"@id\":\"https:\\\/\\\/suprema.ppg.br\\\/site\\\/#organization\",\"name\":\"Suprema - Ag\u00eancia de Comunica\u00e7\u00e3o Total e Integrada\",\"url\":\"https:\\\/\\\/suprema.ppg.br\\\/site\\\/\",\"logo\":{\"@type\":\"ImageObject\",\"inLanguage\":\"pt-BR\",\"@id\":\"https:\\\/\\\/suprema.ppg.br\\\/site\\\/#\\\/schema\\\/logo\\\/image\\\/\",\"url\":\"https:\\\/\\\/suprema.ppg.br\\\/site\\\/wp-content\\\/uploads\\\/2020\\\/07\\\/Suprema-Color-com-baloom-e1594152875778.png\",\"contentUrl\":\"https:\\\/\\\/suprema.ppg.br\\\/site\\\/wp-content\\\/uploads\\\/2020\\\/07\\\/Suprema-Color-com-baloom-e1594152875778.png\",\"width\":375,\"height\":300,\"caption\":\"Suprema - Ag\u00eancia de Comunica\u00e7\u00e3o Total e Integrada\"},\"image\":{\"@id\":\"https:\\\/\\\/suprema.ppg.br\\\/site\\\/#\\\/schema\\\/logo\\\/image\\\/\"}}]}<\/script>\n<!-- \/ Yoast SEO plugin. -->","yoast_head_json":{"title":"Portf\u00f3lio - Gest\u00e3o de Marcas - Marcas de Produtos - Suprema - Ag\u00eancia de Comunica\u00e7\u00e3o Total e Integrada","robots":{"index":"index","follow":"follow","max-snippet":"max-snippet:-1","max-image-preview":"max-image-preview:large","max-video-preview":"max-video-preview:-1"},"canonical":"https:\/\/suprema.ppg.br\/site\/portfolio-gestao-de-marcas-marcas-de-produtos\/","og_locale":"pt_BR","og_type":"article","og_title":"Portf\u00f3lio - Gest\u00e3o de Marcas - Marcas de Produtos - Suprema - Ag\u00eancia de Comunica\u00e7\u00e3o Total e Integrada","og_description":"Marcas de Produtos A Suprema Comunica\u00e7\u00e3o \u00e9 especializada no desenvolvimento de marcas e identidades visuais.Nosso desafio \u00e9 colaborar cada vez mais na constru\u00e7\u00e3o e na gest\u00e3o de marcas de sucesso\u00a0aumentando a competitividade de nossos clientes.","og_url":"https:\/\/suprema.ppg.br\/site\/portfolio-gestao-de-marcas-marcas-de-produtos\/","og_site_name":"Suprema - Ag\u00eancia de Comunica\u00e7\u00e3o Total e Integrada","article_modified_time":"2020-07-10T16:57:53+00:00","twitter_card":"summary_large_image","schema":{"@context":"https:\/\/schema.org","@graph":[{"@type":"WebPage","@id":"https:\/\/suprema.ppg.br\/site\/portfolio-gestao-de-marcas-marcas-de-produtos\/","url":"https:\/\/suprema.ppg.br\/site\/portfolio-gestao-de-marcas-marcas-de-produtos\/","name":"Portf\u00f3lio - Gest\u00e3o de Marcas - Marcas de Produtos - Suprema - Ag\u00eancia de Comunica\u00e7\u00e3o Total e Integrada","isPartOf":{"@id":"https:\/\/suprema.ppg.br\/site\/#website"},"datePublished":"2020-07-08T17:31:53+00:00","dateModified":"2020-07-10T16:57:53+00:00","breadcrumb":{"@id":"https:\/\/suprema.ppg.br\/site\/portfolio-gestao-de-marcas-marcas-de-produtos\/#breadcrumb"},"inLanguage":"pt-BR","potentialAction":[{"@type":"ReadAction","target":["https:\/\/suprema.ppg.br\/site\/portfolio-gestao-de-marcas-marcas-de-produtos\/"]}]},{"@type":"BreadcrumbList","@id":"https:\/\/suprema.ppg.br\/site\/portfolio-gestao-de-marcas-marcas-de-produtos\/#breadcrumb","itemListElement":[{"@type":"ListItem","position":1,"name":"In\u00edcio","item":"https:\/\/suprema.ppg.br\/site\/"},{"@type":"ListItem","position":2,"name":"Portf\u00f3lio &#8211; Gest\u00e3o de Marcas &#8211; Marcas de Produtos"}]},{"@type":"WebSite","@id":"https:\/\/suprema.ppg.br\/site\/#website","url":"https:\/\/suprema.ppg.br\/site\/","name":"Suprema - Ag\u00eancia de Comunica\u00e7\u00e3o Total e Integrada","description":"Ag&ecirc;ncia de comunica&ccedil;&atilde;o e publicidade","publisher":{"@id":"https:\/\/suprema.ppg.br\/site\/#organization"},"potentialAction":[{"@type":"SearchAction","target":{"@type":"EntryPoint","urlTemplate":"https:\/\/suprema.ppg.br\/site\/?s={search_term_string}"},"query-input":{"@type":"PropertyValueSpecification","valueRequired":true,"valueName":"search_term_string"}}],"inLanguage":"pt-BR"},{"@type":"Organization","@id":"https:\/\/suprema.ppg.br\/site\/#organization","name":"Suprema - Ag\u00eancia de Comunica\u00e7\u00e3o Total e Integrada","url":"https:\/\/suprema.ppg.br\/site\/","logo":{"@type":"ImageObject","inLanguage":"pt-BR","@id":"https:\/\/suprema.ppg.br\/site\/#\/schema\/logo\/image\/","url":"https:\/\/suprema.ppg.br\/site\/wp-content\/uploads\/2020\/07\/Suprema-Color-com-baloom-e1594152875778.png","contentUrl":"https:\/\/suprema.ppg.br\/site\/wp-content\/uploads\/2020\/07\/Suprema-Color-com-baloom-e1594152875778.png","width":375,"height":300,"caption":"Suprema - Ag\u00eancia de Comunica\u00e7\u00e3o Total e Integrada"},"image":{"@id":"https:\/\/suprema.ppg.br\/site\/#\/schema\/logo\/image\/"}}]}},"jetpack_sharing_enabled":true,"_links":{"self":[{"href":"https:\/\/suprema.ppg.br\/site\/wp-json\/wp\/v2\/pages\/1398","targetHints":{"allow":["GET"]}}],"collection":[{"href":"https:\/\/suprema.ppg.br\/site\/wp-json\/wp\/v2\/pages"}],"about":[{"href":"https:\/\/suprema.ppg.br\/site\/wp-json\/wp\/v2\/types\/page"}],"author":[{"embeddable":true,"href":"https:\/\/suprema.ppg.br\/site\/wp-json\/wp\/v2\/users\/1"}],"replies":[{"embeddable":true,"href":"https:\/\/suprema.ppg.br\/site\/wp-json\/wp\/v2\/comments?post=1398"}],"version-history":[{"count":6,"href":"https:\/\/suprema.ppg.br\/site\/wp-json\/wp\/v2\/pages\/1398\/revisions"}],"predecessor-version":[{"id":1805,"href":"https:\/\/suprema.ppg.br\/site\/wp-json\/wp\/v2\/pages\/1398\/revisions\/1805"}],"wp:attachment":[{"href":"https:\/\/suprema.ppg.br\/site\/wp-json\/wp\/v2\/media?parent=1398"}],"curies":[{"name":"wp","href":"https:\/\/api.w.org\/{rel}","templated":true}]}}