{"id":1736,"date":"2020-07-10T01:22:18","date_gmt":"2020-07-10T01:22:18","guid":{"rendered":"https:\/\/suprema.ppg.br\/site\/?page_id=1736"},"modified":"2020-07-10T17:51:11","modified_gmt":"2020-07-10T17:51:11","slug":"pecas-graficas-frotas","status":"publish","type":"page","link":"https:\/\/suprema.ppg.br\/site\/pecas-graficas-frotas\/","title":{"rendered":"Pe\u00e7as Gr\u00e1ficas &#8211; Frotas"},"content":{"rendered":"\t\t<div data-elementor-type=\"wp-page\" data-elementor-id=\"1736\" class=\"elementor elementor-1736\" data-elementor-post-type=\"page\">\n\t\t\t\t\t\t<section class=\"elementor-section elementor-top-section elementor-element elementor-element-f335084 elementor-section-boxed elementor-section-height-default elementor-section-height-default\" data-id=\"f335084\" data-element_type=\"section\" data-e-type=\"section\" data-settings=\"{&quot;background_background&quot;:&quot;classic&quot;}\">\n\t\t\t\t\t\t<div class=\"elementor-container elementor-column-gap-default\">\n\t\t\t\t\t<div class=\"elementor-column elementor-col-100 elementor-top-column elementor-element elementor-element-73817bf9\" data-id=\"73817bf9\" data-element_type=\"column\" data-e-type=\"column\">\n\t\t\t<div class=\"elementor-widget-wrap elementor-element-populated\">\n\t\t\t\t\t\t<div class=\"elementor-element elementor-element-357ee00f elementor-widget elementor-widget-heading\" data-id=\"357ee00f\" data-element_type=\"widget\" data-e-type=\"widget\" data-widget_type=\"heading.default\">\n\t\t\t\t<div class=\"elementor-widget-container\">\n\t\t\t\t\t<h4 class=\"elementor-heading-title elementor-size-default\">Frotas<\/h4>\t\t\t\t<\/div>\n\t\t\t\t<\/div>\n\t\t\t\t<div class=\"elementor-element elementor-element-2025f4ab elementor-widget elementor-widget-text-editor\" data-id=\"2025f4ab\" data-element_type=\"widget\" data-e-type=\"widget\" data-widget_type=\"text-editor.default\">\n\t\t\t\t<div class=\"elementor-widget-container\">\n\t\t\t\t\t\t\t\t\t<p>Atuamos na cria\u00e7\u00e3o, finaliza\u00e7\u00e3o e supervis\u00e3o t\u00e9cnica de pe\u00e7as gr\u00e1ficas promocionais, an\u00fancios, materiais de ponto de venda, embalagens, pe\u00e7as de marketing direto e m\u00eddia externa\/comunica\u00e7\u00e3o visual.<\/p>\t\t\t\t\t\t\t\t<\/div>\n\t\t\t\t<\/div>\n\t\t\t\t<div class=\"elementor-element elementor-element-16d3affc elementor-grid-mobile-3 elementor-grid-3 elementor-grid-tablet-2 elementor-widget elementor-widget-portfolio\" data-id=\"16d3affc\" data-element_type=\"widget\" data-e-type=\"widget\" data-settings=\"{&quot;masonry&quot;:&quot;yes&quot;,&quot;row_gap&quot;:{&quot;unit&quot;:&quot;px&quot;,&quot;size&quot;:30,&quot;sizes&quot;:[]},&quot;columns_mobile&quot;:&quot;3&quot;,&quot;columns&quot;:&quot;3&quot;,&quot;columns_tablet&quot;:&quot;2&quot;,&quot;item_gap&quot;:{&quot;unit&quot;:&quot;px&quot;,&quot;size&quot;:&quot;&quot;,&quot;sizes&quot;:[]}}\" data-widget_type=\"portfolio.default\">\n\t\t\t\t<div class=\"elementor-widget-container\">\n\t\t\t\t\t\t\t<div class=\"elementor-portfolio elementor-grid elementor-posts-container\">\n\t\t\t\t<article class=\"elementor-portfolio-item elementor-post elementor-filter-24 post-1600 portfolio_suprema type-portfolio_suprema status-publish has-post-thumbnail hentry category-frota\">\n\t\t\t<a class=\"elementor-post__thumbnail__link\" href=\"https:\/\/suprema.ppg.br\/site\/portfolio_suprema\/van-lar-dos-velhinhos\/\">\n\t\t\t\t<div class=\"elementor-portfolio-item__img elementor-post__thumbnail\">\n\t\t\t<img fetchpriority=\"high\" decoding=\"async\" width=\"300\" height=\"219\" src=\"https:\/\/suprema.ppg.br\/site\/wp-content\/uploads\/2020\/07\/Carro-Lar-300x219.png\" class=\"attachment-medium size-medium wp-image-1601\" alt=\"\" srcset=\"https:\/\/suprema.ppg.br\/site\/wp-content\/uploads\/2020\/07\/Carro-Lar-300x219.png 300w, https:\/\/suprema.ppg.br\/site\/wp-content\/uploads\/2020\/07\/Carro-Lar.png 440w\" sizes=\"(max-width: 300px) 100vw, 300px\" \/>\t\t<\/div>\n\t\t\t\t<div class=\"elementor-portfolio-item__overlay\">\n\t\t\t\t<h6 class=\"elementor-portfolio-item__title\">\n\t\tVAN LAR DOS VELHINHOS\t\t<\/h6>\n\t\t\t\t<\/div>\n\t\t\t\t<\/a>\n\t\t<\/article>\n\t\t\t\t<article class=\"elementor-portfolio-item elementor-post elementor-filter-24 post-1592 portfolio_suprema type-portfolio_suprema status-publish has-post-thumbnail hentry category-frota\">\n\t\t\t<a class=\"elementor-post__thumbnail__link\" href=\"https:\/\/suprema.ppg.br\/site\/portfolio_suprema\/caminhao-mazzoleni\/\">\n\t\t\t\t<div class=\"elementor-portfolio-item__img elementor-post__thumbnail\">\n\t\t\t<img decoding=\"async\" width=\"300\" height=\"260\" src=\"https:\/\/suprema.ppg.br\/site\/wp-content\/uploads\/2020\/07\/Caminh\u00e3o-Mazzoleni-300x260.png\" class=\"attachment-medium size-medium wp-image-1593\" alt=\"\" srcset=\"https:\/\/suprema.ppg.br\/site\/wp-content\/uploads\/2020\/07\/Caminh\u00e3o-Mazzoleni-300x260.png 300w, https:\/\/suprema.ppg.br\/site\/wp-content\/uploads\/2020\/07\/Caminh\u00e3o-Mazzoleni.png 739w\" sizes=\"(max-width: 300px) 100vw, 300px\" \/>\t\t<\/div>\n\t\t\t\t<div class=\"elementor-portfolio-item__overlay\">\n\t\t\t\t<h6 class=\"elementor-portfolio-item__title\">\n\t\tCAMINH\u00c3O MAZZOLENI\t\t<\/h6>\n\t\t\t\t<\/div>\n\t\t\t\t<\/a>\n\t\t<\/article>\n\t\t\t\t<article class=\"elementor-portfolio-item elementor-post elementor-filter-24 post-1594 portfolio_suprema type-portfolio_suprema status-publish has-post-thumbnail hentry category-frota\">\n\t\t\t<a class=\"elementor-post__thumbnail__link\" href=\"https:\/\/suprema.ppg.br\/site\/portfolio_suprema\/caminhao-moio-erechim\/\">\n\t\t\t\t<div class=\"elementor-portfolio-item__img elementor-post__thumbnail\">\n\t\t\t<img decoding=\"async\" width=\"300\" height=\"163\" src=\"https:\/\/suprema.ppg.br\/site\/wp-content\/uploads\/2020\/07\/caminh\u00e3o-moinho-300x163.png\" class=\"attachment-medium size-medium wp-image-1595\" alt=\"\" srcset=\"https:\/\/suprema.ppg.br\/site\/wp-content\/uploads\/2020\/07\/caminh\u00e3o-moinho-300x163.png 300w, https:\/\/suprema.ppg.br\/site\/wp-content\/uploads\/2020\/07\/caminh\u00e3o-moinho-1024x556.png 1024w, https:\/\/suprema.ppg.br\/site\/wp-content\/uploads\/2020\/07\/caminh\u00e3o-moinho-768x417.png 768w, https:\/\/suprema.ppg.br\/site\/wp-content\/uploads\/2020\/07\/caminh\u00e3o-moinho.png 1114w\" sizes=\"(max-width: 300px) 100vw, 300px\" \/>\t\t<\/div>\n\t\t\t\t<div class=\"elementor-portfolio-item__overlay\">\n\t\t\t\t<h6 class=\"elementor-portfolio-item__title\">\n\t\tCAMINH\u00c3O MOIO ERECHIM\t\t<\/h6>\n\t\t\t\t<\/div>\n\t\t\t\t<\/a>\n\t\t<\/article>\n\t\t\t\t<article class=\"elementor-portfolio-item elementor-post elementor-filter-24 post-1596 portfolio_suprema type-portfolio_suprema status-publish has-post-thumbnail hentry category-frota\">\n\t\t\t<a class=\"elementor-post__thumbnail__link\" href=\"https:\/\/suprema.ppg.br\/site\/portfolio_suprema\/caminhao-transvidal\/\">\n\t\t\t\t<div class=\"elementor-portfolio-item__img elementor-post__thumbnail\">\n\t\t\t<img loading=\"lazy\" decoding=\"async\" width=\"300\" height=\"186\" src=\"https:\/\/suprema.ppg.br\/site\/wp-content\/uploads\/2020\/07\/caminh\u00e3o-tv-300x186.png\" class=\"attachment-medium size-medium wp-image-1597\" alt=\"\" srcset=\"https:\/\/suprema.ppg.br\/site\/wp-content\/uploads\/2020\/07\/caminh\u00e3o-tv-300x186.png 300w, https:\/\/suprema.ppg.br\/site\/wp-content\/uploads\/2020\/07\/caminh\u00e3o-tv-1024x634.png 1024w, https:\/\/suprema.ppg.br\/site\/wp-content\/uploads\/2020\/07\/caminh\u00e3o-tv-768x476.png 768w, https:\/\/suprema.ppg.br\/site\/wp-content\/uploads\/2020\/07\/caminh\u00e3o-tv.png 1106w\" sizes=\"(max-width: 300px) 100vw, 300px\" \/>\t\t<\/div>\n\t\t\t\t<div class=\"elementor-portfolio-item__overlay\">\n\t\t\t\t<h6 class=\"elementor-portfolio-item__title\">\n\t\tCAMINH\u00c3O TRANSVIDAL\t\t<\/h6>\n\t\t\t\t<\/div>\n\t\t\t\t<\/a>\n\t\t<\/article>\n\t\t\t\t<article class=\"elementor-portfolio-item elementor-post elementor-filter-24 post-1590 portfolio_suprema type-portfolio_suprema status-publish has-post-thumbnail hentry category-frota\">\n\t\t\t<a class=\"elementor-post__thumbnail__link\" href=\"https:\/\/suprema.ppg.br\/site\/portfolio_suprema\/caminhao-botolli\/\">\n\t\t\t\t<div class=\"elementor-portfolio-item__img elementor-post__thumbnail\">\n\t\t\t<img loading=\"lazy\" decoding=\"async\" width=\"300\" height=\"156\" src=\"https:\/\/suprema.ppg.br\/site\/wp-content\/uploads\/2020\/07\/Caminh\u00e3o-Botolli-300x156.png\" class=\"attachment-medium size-medium wp-image-1591\" alt=\"\" srcset=\"https:\/\/suprema.ppg.br\/site\/wp-content\/uploads\/2020\/07\/Caminh\u00e3o-Botolli-300x156.png 300w, https:\/\/suprema.ppg.br\/site\/wp-content\/uploads\/2020\/07\/Caminh\u00e3o-Botolli-1024x532.png 1024w, https:\/\/suprema.ppg.br\/site\/wp-content\/uploads\/2020\/07\/Caminh\u00e3o-Botolli-768x399.png 768w, https:\/\/suprema.ppg.br\/site\/wp-content\/uploads\/2020\/07\/Caminh\u00e3o-Botolli.png 1272w\" sizes=\"(max-width: 300px) 100vw, 300px\" \/>\t\t<\/div>\n\t\t\t\t<div class=\"elementor-portfolio-item__overlay\">\n\t\t\t\t<h6 class=\"elementor-portfolio-item__title\">\n\t\tCAMINH\u00c3O BOTOLLI\t\t<\/h6>\n\t\t\t\t<\/div>\n\t\t\t\t<\/a>\n\t\t<\/article>\n\t\t\t\t<article class=\"elementor-portfolio-item elementor-post elementor-filter-24 post-1598 portfolio_suprema type-portfolio_suprema status-publish has-post-thumbnail hentry category-frota\">\n\t\t\t<a class=\"elementor-post__thumbnail__link\" href=\"https:\/\/suprema.ppg.br\/site\/portfolio_suprema\/veiculo-transito-erechim\/\">\n\t\t\t\t<div class=\"elementor-portfolio-item__img elementor-post__thumbnail\">\n\t\t\t<img loading=\"lazy\" decoding=\"async\" width=\"300\" height=\"178\" src=\"https:\/\/suprema.ppg.br\/site\/wp-content\/uploads\/2020\/07\/Carro-Azulzinhos-300x178.png\" class=\"attachment-medium size-medium wp-image-1599\" alt=\"\" srcset=\"https:\/\/suprema.ppg.br\/site\/wp-content\/uploads\/2020\/07\/Carro-Azulzinhos-300x178.png 300w, https:\/\/suprema.ppg.br\/site\/wp-content\/uploads\/2020\/07\/Carro-Azulzinhos.png 463w\" sizes=\"(max-width: 300px) 100vw, 300px\" \/>\t\t<\/div>\n\t\t\t\t<div class=\"elementor-portfolio-item__overlay\">\n\t\t\t\t<h6 class=\"elementor-portfolio-item__title\">\n\t\tVE\u00cdCULO TR\u00c2NSITO ERECHIM\t\t<\/h6>\n\t\t\t\t<\/div>\n\t\t\t\t<\/a>\n\t\t<\/article>\n\t\t\t\t<\/div>\n\t\t\t\t\t\t<\/div>\n\t\t\t\t<\/div>\n\t\t\t\t\t<\/div>\n\t\t<\/div>\n\t\t\t\t\t<\/div>\n\t\t<\/section>\n\t\t\t\t<\/div>\n\t\t","protected":false},"excerpt":{"rendered":"<p>Frotas Atuamos na cria\u00e7\u00e3o, finaliza\u00e7\u00e3o e supervis\u00e3o t\u00e9cnica de pe\u00e7as gr\u00e1ficas promocionais, an\u00fancios, materiais de ponto de venda, embalagens, pe\u00e7as de marketing direto e m\u00eddia externa\/comunica\u00e7\u00e3o visual.<\/p>\n","protected":false},"author":1,"featured_media":0,"parent":0,"menu_order":0,"comment_status":"closed","ping_status":"closed","template":"","meta":{"site-sidebar-layout":"no-sidebar","site-content-layout":"page-builder","ast-site-content-layout":"default","site-content-style":"default","site-sidebar-style":"default","ast-global-header-display":"","ast-banner-title-visibility":"","ast-main-header-display":"","ast-hfb-above-header-display":"","ast-hfb-below-header-display":"","ast-hfb-mobile-header-display":"","site-post-title":"disabled","ast-breadcrumbs-content":"","ast-featured-img":"disabled","footer-sml-layout":"","ast-disable-related-posts":"","theme-transparent-header-meta":"default","adv-header-id-meta":"","stick-header-meta":"","header-above-stick-meta":"","header-main-stick-meta":"","header-below-stick-meta":"","astra-migrate-meta-layouts":"default","ast-page-background-enabled":"default","ast-page-background-meta":{"desktop":{"background-color":"","background-image":"","background-repeat":"repeat","background-position":"center center","background-size":"auto","background-attachment":"scroll","background-type":"","background-media":"","overlay-type":"","overlay-color":"","overlay-opacity":"","overlay-gradient":""},"tablet":{"background-color":"","background-image":"","background-repeat":"repeat","background-position":"center center","background-size":"auto","background-attachment":"scroll","background-type":"","background-media":"","overlay-type":"","overlay-color":"","overlay-opacity":"","overlay-gradient":""},"mobile":{"background-color":"","background-image":"","background-repeat":"repeat","background-position":"center center","background-size":"auto","background-attachment":"scroll","background-type":"","background-media":"","overlay-type":"","overlay-color":"","overlay-opacity":"","overlay-gradient":""}},"ast-content-background-meta":{"desktop":{"background-color":"var(--ast-global-color-5)","background-image":"","background-repeat":"repeat","background-position":"center center","background-size":"auto","background-attachment":"scroll","background-type":"","background-media":"","overlay-type":"","overlay-color":"","overlay-opacity":"","overlay-gradient":""},"tablet":{"background-color":"var(--ast-global-color-5)","background-image":"","background-repeat":"repeat","background-position":"center center","background-size":"auto","background-attachment":"scroll","background-type":"","background-media":"","overlay-type":"","overlay-color":"","overlay-opacity":"","overlay-gradient":""},"mobile":{"background-color":"var(--ast-global-color-5)","background-image":"","background-repeat":"repeat","background-position":"center center","background-size":"auto","background-attachment":"scroll","background-type":"","background-media":"","overlay-type":"","overlay-color":"","overlay-opacity":"","overlay-gradient":""}},"footnotes":""},"class_list":["post-1736","page","type-page","status-publish","hentry"],"yoast_head":"<!-- This site is optimized with the Yoast SEO plugin v27.4 - https:\/\/yoast.com\/product\/yoast-seo-wordpress\/ -->\n<title>Pe\u00e7as Gr\u00e1ficas - Frotas - Suprema - Ag\u00eancia de Comunica\u00e7\u00e3o Total e Integrada<\/title>\n<meta name=\"robots\" content=\"index, follow, max-snippet:-1, max-image-preview:large, max-video-preview:-1\" \/>\n<link rel=\"canonical\" href=\"https:\/\/suprema.ppg.br\/site\/pecas-graficas-frotas\/\" \/>\n<meta property=\"og:locale\" content=\"pt_BR\" \/>\n<meta property=\"og:type\" content=\"article\" \/>\n<meta property=\"og:title\" content=\"Pe\u00e7as Gr\u00e1ficas - Frotas - Suprema - Ag\u00eancia de Comunica\u00e7\u00e3o Total e Integrada\" \/>\n<meta property=\"og:description\" content=\"Frotas Atuamos na cria\u00e7\u00e3o, finaliza\u00e7\u00e3o e supervis\u00e3o t\u00e9cnica de pe\u00e7as gr\u00e1ficas promocionais, an\u00fancios, materiais de ponto de venda, embalagens, pe\u00e7as de marketing direto e m\u00eddia externa\/comunica\u00e7\u00e3o visual.\" \/>\n<meta property=\"og:url\" content=\"https:\/\/suprema.ppg.br\/site\/pecas-graficas-frotas\/\" \/>\n<meta property=\"og:site_name\" content=\"Suprema - Ag\u00eancia de Comunica\u00e7\u00e3o Total e Integrada\" \/>\n<meta property=\"article:modified_time\" content=\"2020-07-10T17:51:11+00:00\" \/>\n<meta name=\"twitter:card\" content=\"summary_large_image\" \/>\n<script type=\"application\/ld+json\" class=\"yoast-schema-graph\">{\"@context\":\"https:\\\/\\\/schema.org\",\"@graph\":[{\"@type\":\"WebPage\",\"@id\":\"https:\\\/\\\/suprema.ppg.br\\\/site\\\/pecas-graficas-frotas\\\/\",\"url\":\"https:\\\/\\\/suprema.ppg.br\\\/site\\\/pecas-graficas-frotas\\\/\",\"name\":\"Pe\u00e7as Gr\u00e1ficas - Frotas - Suprema - Ag\u00eancia de Comunica\u00e7\u00e3o Total e Integrada\",\"isPartOf\":{\"@id\":\"https:\\\/\\\/suprema.ppg.br\\\/site\\\/#website\"},\"datePublished\":\"2020-07-10T01:22:18+00:00\",\"dateModified\":\"2020-07-10T17:51:11+00:00\",\"breadcrumb\":{\"@id\":\"https:\\\/\\\/suprema.ppg.br\\\/site\\\/pecas-graficas-frotas\\\/#breadcrumb\"},\"inLanguage\":\"pt-BR\",\"potentialAction\":[{\"@type\":\"ReadAction\",\"target\":[\"https:\\\/\\\/suprema.ppg.br\\\/site\\\/pecas-graficas-frotas\\\/\"]}]},{\"@type\":\"BreadcrumbList\",\"@id\":\"https:\\\/\\\/suprema.ppg.br\\\/site\\\/pecas-graficas-frotas\\\/#breadcrumb\",\"itemListElement\":[{\"@type\":\"ListItem\",\"position\":1,\"name\":\"In\u00edcio\",\"item\":\"https:\\\/\\\/suprema.ppg.br\\\/site\\\/\"},{\"@type\":\"ListItem\",\"position\":2,\"name\":\"Pe\u00e7as Gr\u00e1ficas &#8211; Frotas\"}]},{\"@type\":\"WebSite\",\"@id\":\"https:\\\/\\\/suprema.ppg.br\\\/site\\\/#website\",\"url\":\"https:\\\/\\\/suprema.ppg.br\\\/site\\\/\",\"name\":\"Suprema - Ag\u00eancia de Comunica\u00e7\u00e3o Total e Integrada\",\"description\":\"Ag&ecirc;ncia de comunica&ccedil;&atilde;o e publicidade\",\"publisher\":{\"@id\":\"https:\\\/\\\/suprema.ppg.br\\\/site\\\/#organization\"},\"potentialAction\":[{\"@type\":\"SearchAction\",\"target\":{\"@type\":\"EntryPoint\",\"urlTemplate\":\"https:\\\/\\\/suprema.ppg.br\\\/site\\\/?s={search_term_string}\"},\"query-input\":{\"@type\":\"PropertyValueSpecification\",\"valueRequired\":true,\"valueName\":\"search_term_string\"}}],\"inLanguage\":\"pt-BR\"},{\"@type\":\"Organization\",\"@id\":\"https:\\\/\\\/suprema.ppg.br\\\/site\\\/#organization\",\"name\":\"Suprema - Ag\u00eancia de Comunica\u00e7\u00e3o Total e Integrada\",\"url\":\"https:\\\/\\\/suprema.ppg.br\\\/site\\\/\",\"logo\":{\"@type\":\"ImageObject\",\"inLanguage\":\"pt-BR\",\"@id\":\"https:\\\/\\\/suprema.ppg.br\\\/site\\\/#\\\/schema\\\/logo\\\/image\\\/\",\"url\":\"https:\\\/\\\/suprema.ppg.br\\\/site\\\/wp-content\\\/uploads\\\/2020\\\/07\\\/Suprema-Color-com-baloom-e1594152875778.png\",\"contentUrl\":\"https:\\\/\\\/suprema.ppg.br\\\/site\\\/wp-content\\\/uploads\\\/2020\\\/07\\\/Suprema-Color-com-baloom-e1594152875778.png\",\"width\":375,\"height\":300,\"caption\":\"Suprema - Ag\u00eancia de Comunica\u00e7\u00e3o Total e Integrada\"},\"image\":{\"@id\":\"https:\\\/\\\/suprema.ppg.br\\\/site\\\/#\\\/schema\\\/logo\\\/image\\\/\"}}]}<\/script>\n<!-- \/ Yoast SEO plugin. -->","yoast_head_json":{"title":"Pe\u00e7as Gr\u00e1ficas - Frotas - Suprema - Ag\u00eancia de Comunica\u00e7\u00e3o Total e Integrada","robots":{"index":"index","follow":"follow","max-snippet":"max-snippet:-1","max-image-preview":"max-image-preview:large","max-video-preview":"max-video-preview:-1"},"canonical":"https:\/\/suprema.ppg.br\/site\/pecas-graficas-frotas\/","og_locale":"pt_BR","og_type":"article","og_title":"Pe\u00e7as Gr\u00e1ficas - Frotas - Suprema - Ag\u00eancia de Comunica\u00e7\u00e3o Total e Integrada","og_description":"Frotas Atuamos na cria\u00e7\u00e3o, finaliza\u00e7\u00e3o e supervis\u00e3o t\u00e9cnica de pe\u00e7as gr\u00e1ficas promocionais, an\u00fancios, materiais de ponto de venda, embalagens, pe\u00e7as de marketing direto e m\u00eddia externa\/comunica\u00e7\u00e3o visual.","og_url":"https:\/\/suprema.ppg.br\/site\/pecas-graficas-frotas\/","og_site_name":"Suprema - Ag\u00eancia de Comunica\u00e7\u00e3o Total e Integrada","article_modified_time":"2020-07-10T17:51:11+00:00","twitter_card":"summary_large_image","schema":{"@context":"https:\/\/schema.org","@graph":[{"@type":"WebPage","@id":"https:\/\/suprema.ppg.br\/site\/pecas-graficas-frotas\/","url":"https:\/\/suprema.ppg.br\/site\/pecas-graficas-frotas\/","name":"Pe\u00e7as Gr\u00e1ficas - Frotas - Suprema - Ag\u00eancia de Comunica\u00e7\u00e3o Total e Integrada","isPartOf":{"@id":"https:\/\/suprema.ppg.br\/site\/#website"},"datePublished":"2020-07-10T01:22:18+00:00","dateModified":"2020-07-10T17:51:11+00:00","breadcrumb":{"@id":"https:\/\/suprema.ppg.br\/site\/pecas-graficas-frotas\/#breadcrumb"},"inLanguage":"pt-BR","potentialAction":[{"@type":"ReadAction","target":["https:\/\/suprema.ppg.br\/site\/pecas-graficas-frotas\/"]}]},{"@type":"BreadcrumbList","@id":"https:\/\/suprema.ppg.br\/site\/pecas-graficas-frotas\/#breadcrumb","itemListElement":[{"@type":"ListItem","position":1,"name":"In\u00edcio","item":"https:\/\/suprema.ppg.br\/site\/"},{"@type":"ListItem","position":2,"name":"Pe\u00e7as Gr\u00e1ficas &#8211; Frotas"}]},{"@type":"WebSite","@id":"https:\/\/suprema.ppg.br\/site\/#website","url":"https:\/\/suprema.ppg.br\/site\/","name":"Suprema - Ag\u00eancia de Comunica\u00e7\u00e3o Total e Integrada","description":"Ag&ecirc;ncia de comunica&ccedil;&atilde;o e publicidade","publisher":{"@id":"https:\/\/suprema.ppg.br\/site\/#organization"},"potentialAction":[{"@type":"SearchAction","target":{"@type":"EntryPoint","urlTemplate":"https:\/\/suprema.ppg.br\/site\/?s={search_term_string}"},"query-input":{"@type":"PropertyValueSpecification","valueRequired":true,"valueName":"search_term_string"}}],"inLanguage":"pt-BR"},{"@type":"Organization","@id":"https:\/\/suprema.ppg.br\/site\/#organization","name":"Suprema - Ag\u00eancia de Comunica\u00e7\u00e3o Total e Integrada","url":"https:\/\/suprema.ppg.br\/site\/","logo":{"@type":"ImageObject","inLanguage":"pt-BR","@id":"https:\/\/suprema.ppg.br\/site\/#\/schema\/logo\/image\/","url":"https:\/\/suprema.ppg.br\/site\/wp-content\/uploads\/2020\/07\/Suprema-Color-com-baloom-e1594152875778.png","contentUrl":"https:\/\/suprema.ppg.br\/site\/wp-content\/uploads\/2020\/07\/Suprema-Color-com-baloom-e1594152875778.png","width":375,"height":300,"caption":"Suprema - Ag\u00eancia de Comunica\u00e7\u00e3o Total e Integrada"},"image":{"@id":"https:\/\/suprema.ppg.br\/site\/#\/schema\/logo\/image\/"}}]}},"jetpack_sharing_enabled":true,"_links":{"self":[{"href":"https:\/\/suprema.ppg.br\/site\/wp-json\/wp\/v2\/pages\/1736","targetHints":{"allow":["GET"]}}],"collection":[{"href":"https:\/\/suprema.ppg.br\/site\/wp-json\/wp\/v2\/pages"}],"about":[{"href":"https:\/\/suprema.ppg.br\/site\/wp-json\/wp\/v2\/types\/page"}],"author":[{"embeddable":true,"href":"https:\/\/suprema.ppg.br\/site\/wp-json\/wp\/v2\/users\/1"}],"replies":[{"embeddable":true,"href":"https:\/\/suprema.ppg.br\/site\/wp-json\/wp\/v2\/comments?post=1736"}],"version-history":[{"count":3,"href":"https:\/\/suprema.ppg.br\/site\/wp-json\/wp\/v2\/pages\/1736\/revisions"}],"predecessor-version":[{"id":1811,"href":"https:\/\/suprema.ppg.br\/site\/wp-json\/wp\/v2\/pages\/1736\/revisions\/1811"}],"wp:attachment":[{"href":"https:\/\/suprema.ppg.br\/site\/wp-json\/wp\/v2\/media?parent=1736"}],"curies":[{"name":"wp","href":"https:\/\/api.w.org\/{rel}","templated":true}]}}