{"id":1747,"date":"2020-07-10T01:46:09","date_gmt":"2020-07-10T01:46:09","guid":{"rendered":"https:\/\/suprema.ppg.br\/site\/?page_id=1747"},"modified":"2020-07-10T17:55:01","modified_gmt":"2020-07-10T17:55:01","slug":"portfolio-eventos-corporativos","status":"publish","type":"page","link":"https:\/\/suprema.ppg.br\/site\/portfolio-eventos-corporativos\/","title":{"rendered":"Portf\u00f3lio &#8211; Eventos Corporativos"},"content":{"rendered":"\t\t<div data-elementor-type=\"wp-page\" data-elementor-id=\"1747\" class=\"elementor elementor-1747\" data-elementor-post-type=\"page\">\n\t\t\t\t\t\t<section class=\"elementor-section elementor-top-section elementor-element elementor-element-639eaeab elementor-section-boxed elementor-section-height-default elementor-section-height-default\" data-id=\"639eaeab\" data-element_type=\"section\" data-e-type=\"section\" data-settings=\"{&quot;background_background&quot;:&quot;classic&quot;}\">\n\t\t\t\t\t\t<div class=\"elementor-container elementor-column-gap-default\">\n\t\t\t\t\t<div class=\"elementor-column elementor-col-100 elementor-top-column elementor-element elementor-element-69ce2308\" data-id=\"69ce2308\" data-element_type=\"column\" data-e-type=\"column\">\n\t\t\t<div class=\"elementor-widget-wrap elementor-element-populated\">\n\t\t\t\t\t\t<div class=\"elementor-element elementor-element-8fa3fde elementor-widget elementor-widget-heading\" data-id=\"8fa3fde\" data-element_type=\"widget\" data-e-type=\"widget\" data-widget_type=\"heading.default\">\n\t\t\t\t<div class=\"elementor-widget-container\">\n\t\t\t\t\t<h4 class=\"elementor-heading-title elementor-size-default\">Eventos Corporativos<\/h4>\t\t\t\t<\/div>\n\t\t\t\t<\/div>\n\t\t\t\t<div class=\"elementor-element elementor-element-7e377101 elementor-widget elementor-widget-text-editor\" data-id=\"7e377101\" data-element_type=\"widget\" data-e-type=\"widget\" data-widget_type=\"text-editor.default\">\n\t\t\t\t<div class=\"elementor-widget-container\">\n\t\t\t\t\t\t\t\t\t<p>A Suprema est\u00e1 preparada para orientar sobre projetos de promo\u00e7\u00e3o e\/ou eventos corporativos incluindo a concep\u00e7\u00e3o, organiza\u00e7\u00e3o, coordena\u00e7\u00e3o, execu\u00e7\u00e3o e divulga\u00e7\u00e3o.<\/p>\t\t\t\t\t\t\t\t<\/div>\n\t\t\t\t<\/div>\n\t\t\t\t<div class=\"elementor-element elementor-element-44d9d4a3 elementor-grid-4 elementor-grid-mobile-2 elementor-grid-tablet-2 elementor-widget elementor-widget-portfolio\" data-id=\"44d9d4a3\" data-element_type=\"widget\" data-e-type=\"widget\" data-settings=\"{&quot;columns&quot;:&quot;4&quot;,&quot;item_ratio&quot;:{&quot;unit&quot;:&quot;px&quot;,&quot;size&quot;:0.460000000000000019984014443252817727625370025634765625,&quot;sizes&quot;:[]},&quot;row_gap&quot;:{&quot;unit&quot;:&quot;px&quot;,&quot;size&quot;:30,&quot;sizes&quot;:[]},&quot;columns_mobile&quot;:&quot;2&quot;,&quot;columns_tablet&quot;:&quot;2&quot;,&quot;item_gap&quot;:{&quot;unit&quot;:&quot;px&quot;,&quot;size&quot;:&quot;&quot;,&quot;sizes&quot;:[]}}\" data-widget_type=\"portfolio.default\">\n\t\t\t\t<div class=\"elementor-widget-container\">\n\t\t\t\t\t\t\t<div class=\"elementor-portfolio elementor-grid elementor-posts-container\">\n\t\t\t\t<article class=\"elementor-portfolio-item elementor-post elementor-filter-29 post-1683 portfolio_suprema type-portfolio_suprema status-publish has-post-thumbnail hentry category-eventos-corporativos\">\n\t\t\t<a class=\"elementor-post__thumbnail__link\" href=\"https:\/\/suprema.ppg.br\/site\/portfolio_suprema\/reunioes-almoco-cafe-do-varejo\/\">\n\t\t\t\t<div class=\"elementor-portfolio-item__img elementor-post__thumbnail\">\n\t\t\t<img decoding=\"async\" width=\"300\" height=\"153\" src=\"https:\/\/suprema.ppg.br\/site\/wp-content\/uploads\/2020\/07\/Foto-Reuni\u00e3o-Almo\u00e7o-300x153.png\" class=\"attachment-medium size-medium wp-image-1684\" alt=\"\" srcset=\"https:\/\/suprema.ppg.br\/site\/wp-content\/uploads\/2020\/07\/Foto-Reuni\u00e3o-Almo\u00e7o-300x153.png 300w, https:\/\/suprema.ppg.br\/site\/wp-content\/uploads\/2020\/07\/Foto-Reuni\u00e3o-Almo\u00e7o.png 466w\" sizes=\"(max-width: 300px) 100vw, 300px\" \/>\t\t<\/div>\n\t\t\t\t<div class=\"elementor-portfolio-item__overlay\">\n\t\t\t\t<h6 class=\"elementor-portfolio-item__title\">\n\t\tREUNI\u00d5ES-ALMO\u00c7O &#8211; CAF\u00c9 DO VAREJO\t\t<\/h6>\n\t\t\t\t<\/div>\n\t\t\t\t<\/a>\n\t\t<\/article>\n\t\t\t\t<article class=\"elementor-portfolio-item elementor-post elementor-filter-29 post-1685 portfolio_suprema type-portfolio_suprema status-publish has-post-thumbnail hentry category-eventos-corporativos\">\n\t\t\t<a class=\"elementor-post__thumbnail__link\" href=\"https:\/\/suprema.ppg.br\/site\/portfolio_suprema\/talk-shows-erechim-moda-show\/\">\n\t\t\t\t<div class=\"elementor-portfolio-item__img elementor-post__thumbnail\">\n\t\t\t<img decoding=\"async\" width=\"300\" height=\"154\" src=\"https:\/\/suprema.ppg.br\/site\/wp-content\/uploads\/2020\/07\/Foto-Erechim-Moda-Show-300x154.png\" class=\"attachment-medium size-medium wp-image-1686\" alt=\"\" srcset=\"https:\/\/suprema.ppg.br\/site\/wp-content\/uploads\/2020\/07\/Foto-Erechim-Moda-Show-300x154.png 300w, https:\/\/suprema.ppg.br\/site\/wp-content\/uploads\/2020\/07\/Foto-Erechim-Moda-Show.png 465w\" sizes=\"(max-width: 300px) 100vw, 300px\" \/>\t\t<\/div>\n\t\t\t\t<div class=\"elementor-portfolio-item__overlay\">\n\t\t\t\t<h6 class=\"elementor-portfolio-item__title\">\n\t\tTALK SHOWS &#8211; ERECHIM MODA SHOW\t\t<\/h6>\n\t\t\t\t<\/div>\n\t\t\t\t<\/a>\n\t\t<\/article>\n\t\t\t\t<article class=\"elementor-portfolio-item elementor-post elementor-filter-29 post-1679 portfolio_suprema type-portfolio_suprema status-publish has-post-thumbnail hentry category-eventos-corporativos\">\n\t\t\t<a class=\"elementor-post__thumbnail__link\" href=\"https:\/\/suprema.ppg.br\/site\/portfolio_suprema\/desfiles-fashion-day\/\">\n\t\t\t\t<div class=\"elementor-portfolio-item__img elementor-post__thumbnail\">\n\t\t\t<img fetchpriority=\"high\" decoding=\"async\" width=\"300\" height=\"200\" src=\"https:\/\/suprema.ppg.br\/site\/wp-content\/uploads\/2020\/07\/Fashion-Day-foto-300x200.png\" class=\"attachment-medium size-medium wp-image-1680\" alt=\"\" srcset=\"https:\/\/suprema.ppg.br\/site\/wp-content\/uploads\/2020\/07\/Fashion-Day-foto-300x200.png 300w, https:\/\/suprema.ppg.br\/site\/wp-content\/uploads\/2020\/07\/Fashion-Day-foto-768x512.png 768w, https:\/\/suprema.ppg.br\/site\/wp-content\/uploads\/2020\/07\/Fashion-Day-foto.png 827w\" sizes=\"(max-width: 300px) 100vw, 300px\" \/>\t\t<\/div>\n\t\t\t\t<div class=\"elementor-portfolio-item__overlay\">\n\t\t\t\t<h6 class=\"elementor-portfolio-item__title\">\n\t\tDESFILES &#8211; FASHION DAY\t\t<\/h6>\n\t\t\t\t<\/div>\n\t\t\t\t<\/a>\n\t\t<\/article>\n\t\t\t\t<article class=\"elementor-portfolio-item elementor-post elementor-filter-29 post-1677 portfolio_suprema type-portfolio_suprema status-publish has-post-thumbnail hentry category-eventos-corporativos\">\n\t\t\t<a class=\"elementor-post__thumbnail__link\" href=\"https:\/\/suprema.ppg.br\/site\/portfolio_suprema\/palestras\/\">\n\t\t\t\t<div class=\"elementor-portfolio-item__img elementor-post__thumbnail\">\n\t\t\t<img loading=\"lazy\" decoding=\"async\" width=\"300\" height=\"154\" src=\"https:\/\/suprema.ppg.br\/site\/wp-content\/uploads\/2020\/07\/Foto-Palestra-300x154.png\" class=\"attachment-medium size-medium wp-image-1678\" alt=\"\" srcset=\"https:\/\/suprema.ppg.br\/site\/wp-content\/uploads\/2020\/07\/Foto-Palestra-300x154.png 300w, https:\/\/suprema.ppg.br\/site\/wp-content\/uploads\/2020\/07\/Foto-Palestra.png 465w\" sizes=\"(max-width: 300px) 100vw, 300px\" \/>\t\t<\/div>\n\t\t\t\t<div class=\"elementor-portfolio-item__overlay\">\n\t\t\t\t<h6 class=\"elementor-portfolio-item__title\">\n\t\tPALESTRAS\t\t<\/h6>\n\t\t\t\t<\/div>\n\t\t\t\t<\/a>\n\t\t<\/article>\n\t\t\t\t<article class=\"elementor-portfolio-item elementor-post elementor-filter-29 post-1687 portfolio_suprema type-portfolio_suprema status-publish has-post-thumbnail hentry category-eventos-corporativos\">\n\t\t\t<a class=\"elementor-post__thumbnail__link\" href=\"https:\/\/suprema.ppg.br\/site\/portfolio_suprema\/intervencoes\/\">\n\t\t\t\t<div class=\"elementor-portfolio-item__img elementor-post__thumbnail\">\n\t\t\t<img loading=\"lazy\" decoding=\"async\" width=\"300\" height=\"153\" src=\"https:\/\/suprema.ppg.br\/site\/wp-content\/uploads\/2020\/07\/Foto-Interven\u00e7\u00e3o-2-300x153.png\" class=\"attachment-medium size-medium wp-image-1688\" alt=\"\" srcset=\"https:\/\/suprema.ppg.br\/site\/wp-content\/uploads\/2020\/07\/Foto-Interven\u00e7\u00e3o-2-300x153.png 300w, https:\/\/suprema.ppg.br\/site\/wp-content\/uploads\/2020\/07\/Foto-Interven\u00e7\u00e3o-2.png 466w\" sizes=\"(max-width: 300px) 100vw, 300px\" \/>\t\t<\/div>\n\t\t\t\t<div class=\"elementor-portfolio-item__overlay\">\n\t\t\t\t<h6 class=\"elementor-portfolio-item__title\">\n\t\tINTERVEN\u00c7\u00d5ES\t\t<\/h6>\n\t\t\t\t<\/div>\n\t\t\t\t<\/a>\n\t\t<\/article>\n\t\t\t\t<article class=\"elementor-portfolio-item elementor-post elementor-filter-29 post-1689 portfolio_suprema type-portfolio_suprema status-publish has-post-thumbnail hentry category-eventos-corporativos\">\n\t\t\t<a class=\"elementor-post__thumbnail__link\" href=\"https:\/\/suprema.ppg.br\/site\/portfolio_suprema\/apresentacao-protocolos\/\">\n\t\t\t\t<div class=\"elementor-portfolio-item__img elementor-post__thumbnail\">\n\t\t\t<img loading=\"lazy\" decoding=\"async\" width=\"300\" height=\"154\" src=\"https:\/\/suprema.ppg.br\/site\/wp-content\/uploads\/2020\/07\/Foto-Protocolo-300x154.png\" class=\"attachment-medium size-medium wp-image-1690\" alt=\"\" srcset=\"https:\/\/suprema.ppg.br\/site\/wp-content\/uploads\/2020\/07\/Foto-Protocolo-300x154.png 300w, https:\/\/suprema.ppg.br\/site\/wp-content\/uploads\/2020\/07\/Foto-Protocolo.png 465w\" sizes=\"(max-width: 300px) 100vw, 300px\" \/>\t\t<\/div>\n\t\t\t\t<div class=\"elementor-portfolio-item__overlay\">\n\t\t\t\t<h6 class=\"elementor-portfolio-item__title\">\n\t\tAPRESENTA\u00c7\u00c3O &#8211; PROTOCOLOS\t\t<\/h6>\n\t\t\t\t<\/div>\n\t\t\t\t<\/a>\n\t\t<\/article>\n\t\t\t\t<article class=\"elementor-portfolio-item elementor-post elementor-filter-29 post-1681 portfolio_suprema type-portfolio_suprema status-publish has-post-thumbnail hentry category-eventos-corporativos\">\n\t\t\t<a class=\"elementor-post__thumbnail__link\" href=\"https:\/\/suprema.ppg.br\/site\/portfolio_suprema\/feiras\/\">\n\t\t\t\t<div class=\"elementor-portfolio-item__img elementor-post__thumbnail\">\n\t\t\t<img loading=\"lazy\" decoding=\"async\" width=\"300\" height=\"154\" src=\"https:\/\/suprema.ppg.br\/site\/wp-content\/uploads\/2020\/07\/Foto-Feira-300x154.png\" class=\"attachment-medium size-medium wp-image-1682\" alt=\"\" srcset=\"https:\/\/suprema.ppg.br\/site\/wp-content\/uploads\/2020\/07\/Foto-Feira-300x154.png 300w, https:\/\/suprema.ppg.br\/site\/wp-content\/uploads\/2020\/07\/Foto-Feira.png 465w\" sizes=\"(max-width: 300px) 100vw, 300px\" \/>\t\t<\/div>\n\t\t\t\t<div class=\"elementor-portfolio-item__overlay\">\n\t\t\t\t<h6 class=\"elementor-portfolio-item__title\">\n\t\tFEIRAS\t\t<\/h6>\n\t\t\t\t<\/div>\n\t\t\t\t<\/a>\n\t\t<\/article>\n\t\t\t\t<article class=\"elementor-portfolio-item elementor-post elementor-filter-29 post-1691 portfolio_suprema type-portfolio_suprema status-publish has-post-thumbnail hentry category-eventos-corporativos\">\n\t\t\t<a class=\"elementor-post__thumbnail__link\" href=\"https:\/\/suprema.ppg.br\/site\/portfolio_suprema\/concursos-sorteios\/\">\n\t\t\t\t<div class=\"elementor-portfolio-item__img elementor-post__thumbnail\">\n\t\t\t<img loading=\"lazy\" decoding=\"async\" width=\"300\" height=\"200\" src=\"https:\/\/suprema.ppg.br\/site\/wp-content\/uploads\/2020\/07\/Concursos-Sorteios-300x200.png\" class=\"attachment-medium size-medium wp-image-1692\" alt=\"\" srcset=\"https:\/\/suprema.ppg.br\/site\/wp-content\/uploads\/2020\/07\/Concursos-Sorteios-300x200.png 300w, https:\/\/suprema.ppg.br\/site\/wp-content\/uploads\/2020\/07\/Concursos-Sorteios-1024x682.png 1024w, https:\/\/suprema.ppg.br\/site\/wp-content\/uploads\/2020\/07\/Concursos-Sorteios-768x512.png 768w, https:\/\/suprema.ppg.br\/site\/wp-content\/uploads\/2020\/07\/Concursos-Sorteios.png 1063w\" sizes=\"(max-width: 300px) 100vw, 300px\" \/>\t\t<\/div>\n\t\t\t\t<div class=\"elementor-portfolio-item__overlay\">\n\t\t\t\t<h6 class=\"elementor-portfolio-item__title\">\n\t\tCONCURSOS &#8211; SORTEIOS\t\t<\/h6>\n\t\t\t\t<\/div>\n\t\t\t\t<\/a>\n\t\t<\/article>\n\t\t\t\t<\/div>\n\t\t\t\t\t\t<\/div>\n\t\t\t\t<\/div>\n\t\t\t\t\t<\/div>\n\t\t<\/div>\n\t\t\t\t\t<\/div>\n\t\t<\/section>\n\t\t\t\t<\/div>\n\t\t","protected":false},"excerpt":{"rendered":"<p>Eventos Corporativos A Suprema est\u00e1 preparada para orientar sobre projetos de promo\u00e7\u00e3o e\/ou eventos corporativos incluindo a concep\u00e7\u00e3o, organiza\u00e7\u00e3o, coordena\u00e7\u00e3o, execu\u00e7\u00e3o e divulga\u00e7\u00e3o.<\/p>\n","protected":false},"author":1,"featured_media":0,"parent":0,"menu_order":0,"comment_status":"closed","ping_status":"closed","template":"","meta":{"site-sidebar-layout":"no-sidebar","site-content-layout":"page-builder","ast-site-content-layout":"default","site-content-style":"default","site-sidebar-style":"default","ast-global-header-display":"","ast-banner-title-visibility":"","ast-main-header-display":"","ast-hfb-above-header-display":"","ast-hfb-below-header-display":"","ast-hfb-mobile-header-display":"","site-post-title":"disabled","ast-breadcrumbs-content":"","ast-featured-img":"disabled","footer-sml-layout":"","ast-disable-related-posts":"","theme-transparent-header-meta":"default","adv-header-id-meta":"","stick-header-meta":"","header-above-stick-meta":"","header-main-stick-meta":"","header-below-stick-meta":"","astra-migrate-meta-layouts":"default","ast-page-background-enabled":"default","ast-page-background-meta":{"desktop":{"background-color":"","background-image":"","background-repeat":"repeat","background-position":"center center","background-size":"auto","background-attachment":"scroll","background-type":"","background-media":"","overlay-type":"","overlay-color":"","overlay-opacity":"","overlay-gradient":""},"tablet":{"background-color":"","background-image":"","background-repeat":"repeat","background-position":"center center","background-size":"auto","background-attachment":"scroll","background-type":"","background-media":"","overlay-type":"","overlay-color":"","overlay-opacity":"","overlay-gradient":""},"mobile":{"background-color":"","background-image":"","background-repeat":"repeat","background-position":"center center","background-size":"auto","background-attachment":"scroll","background-type":"","background-media":"","overlay-type":"","overlay-color":"","overlay-opacity":"","overlay-gradient":""}},"ast-content-background-meta":{"desktop":{"background-color":"var(--ast-global-color-5)","background-image":"","background-repeat":"repeat","background-position":"center center","background-size":"auto","background-attachment":"scroll","background-type":"","background-media":"","overlay-type":"","overlay-color":"","overlay-opacity":"","overlay-gradient":""},"tablet":{"background-color":"var(--ast-global-color-5)","background-image":"","background-repeat":"repeat","background-position":"center center","background-size":"auto","background-attachment":"scroll","background-type":"","background-media":"","overlay-type":"","overlay-color":"","overlay-opacity":"","overlay-gradient":""},"mobile":{"background-color":"var(--ast-global-color-5)","background-image":"","background-repeat":"repeat","background-position":"center center","background-size":"auto","background-attachment":"scroll","background-type":"","background-media":"","overlay-type":"","overlay-color":"","overlay-opacity":"","overlay-gradient":""}},"footnotes":""},"class_list":["post-1747","page","type-page","status-publish","hentry"],"yoast_head":"<!-- This site is optimized with the Yoast SEO plugin v27.4 - https:\/\/yoast.com\/product\/yoast-seo-wordpress\/ -->\n<title>Portf\u00f3lio - Eventos Corporativos - Suprema - Ag\u00eancia de Comunica\u00e7\u00e3o Total e Integrada<\/title>\n<meta name=\"robots\" content=\"index, follow, max-snippet:-1, max-image-preview:large, max-video-preview:-1\" \/>\n<link rel=\"canonical\" href=\"https:\/\/suprema.ppg.br\/site\/portfolio-eventos-corporativos\/\" \/>\n<meta property=\"og:locale\" content=\"pt_BR\" \/>\n<meta property=\"og:type\" content=\"article\" \/>\n<meta property=\"og:title\" content=\"Portf\u00f3lio - Eventos Corporativos - Suprema - Ag\u00eancia de Comunica\u00e7\u00e3o Total e Integrada\" \/>\n<meta property=\"og:description\" content=\"Eventos Corporativos A Suprema est\u00e1 preparada para orientar sobre projetos de promo\u00e7\u00e3o e\/ou eventos corporativos incluindo a concep\u00e7\u00e3o, organiza\u00e7\u00e3o, coordena\u00e7\u00e3o, execu\u00e7\u00e3o e divulga\u00e7\u00e3o.\" \/>\n<meta property=\"og:url\" content=\"https:\/\/suprema.ppg.br\/site\/portfolio-eventos-corporativos\/\" \/>\n<meta property=\"og:site_name\" content=\"Suprema - Ag\u00eancia de Comunica\u00e7\u00e3o Total e Integrada\" \/>\n<meta property=\"article:modified_time\" content=\"2020-07-10T17:55:01+00:00\" \/>\n<meta name=\"twitter:card\" content=\"summary_large_image\" \/>\n<script type=\"application\/ld+json\" class=\"yoast-schema-graph\">{\"@context\":\"https:\\\/\\\/schema.org\",\"@graph\":[{\"@type\":\"WebPage\",\"@id\":\"https:\\\/\\\/suprema.ppg.br\\\/site\\\/portfolio-eventos-corporativos\\\/\",\"url\":\"https:\\\/\\\/suprema.ppg.br\\\/site\\\/portfolio-eventos-corporativos\\\/\",\"name\":\"Portf\u00f3lio - Eventos Corporativos - Suprema - Ag\u00eancia de Comunica\u00e7\u00e3o Total e Integrada\",\"isPartOf\":{\"@id\":\"https:\\\/\\\/suprema.ppg.br\\\/site\\\/#website\"},\"datePublished\":\"2020-07-10T01:46:09+00:00\",\"dateModified\":\"2020-07-10T17:55:01+00:00\",\"breadcrumb\":{\"@id\":\"https:\\\/\\\/suprema.ppg.br\\\/site\\\/portfolio-eventos-corporativos\\\/#breadcrumb\"},\"inLanguage\":\"pt-BR\",\"potentialAction\":[{\"@type\":\"ReadAction\",\"target\":[\"https:\\\/\\\/suprema.ppg.br\\\/site\\\/portfolio-eventos-corporativos\\\/\"]}]},{\"@type\":\"BreadcrumbList\",\"@id\":\"https:\\\/\\\/suprema.ppg.br\\\/site\\\/portfolio-eventos-corporativos\\\/#breadcrumb\",\"itemListElement\":[{\"@type\":\"ListItem\",\"position\":1,\"name\":\"In\u00edcio\",\"item\":\"https:\\\/\\\/suprema.ppg.br\\\/site\\\/\"},{\"@type\":\"ListItem\",\"position\":2,\"name\":\"Portf\u00f3lio &#8211; Eventos Corporativos\"}]},{\"@type\":\"WebSite\",\"@id\":\"https:\\\/\\\/suprema.ppg.br\\\/site\\\/#website\",\"url\":\"https:\\\/\\\/suprema.ppg.br\\\/site\\\/\",\"name\":\"Suprema - Ag\u00eancia de Comunica\u00e7\u00e3o Total e Integrada\",\"description\":\"Ag&ecirc;ncia de comunica&ccedil;&atilde;o e publicidade\",\"publisher\":{\"@id\":\"https:\\\/\\\/suprema.ppg.br\\\/site\\\/#organization\"},\"potentialAction\":[{\"@type\":\"SearchAction\",\"target\":{\"@type\":\"EntryPoint\",\"urlTemplate\":\"https:\\\/\\\/suprema.ppg.br\\\/site\\\/?s={search_term_string}\"},\"query-input\":{\"@type\":\"PropertyValueSpecification\",\"valueRequired\":true,\"valueName\":\"search_term_string\"}}],\"inLanguage\":\"pt-BR\"},{\"@type\":\"Organization\",\"@id\":\"https:\\\/\\\/suprema.ppg.br\\\/site\\\/#organization\",\"name\":\"Suprema - Ag\u00eancia de Comunica\u00e7\u00e3o Total e Integrada\",\"url\":\"https:\\\/\\\/suprema.ppg.br\\\/site\\\/\",\"logo\":{\"@type\":\"ImageObject\",\"inLanguage\":\"pt-BR\",\"@id\":\"https:\\\/\\\/suprema.ppg.br\\\/site\\\/#\\\/schema\\\/logo\\\/image\\\/\",\"url\":\"https:\\\/\\\/suprema.ppg.br\\\/site\\\/wp-content\\\/uploads\\\/2020\\\/07\\\/Suprema-Color-com-baloom-e1594152875778.png\",\"contentUrl\":\"https:\\\/\\\/suprema.ppg.br\\\/site\\\/wp-content\\\/uploads\\\/2020\\\/07\\\/Suprema-Color-com-baloom-e1594152875778.png\",\"width\":375,\"height\":300,\"caption\":\"Suprema - Ag\u00eancia de Comunica\u00e7\u00e3o Total e Integrada\"},\"image\":{\"@id\":\"https:\\\/\\\/suprema.ppg.br\\\/site\\\/#\\\/schema\\\/logo\\\/image\\\/\"}}]}<\/script>\n<!-- \/ Yoast SEO plugin. -->","yoast_head_json":{"title":"Portf\u00f3lio - Eventos Corporativos - Suprema - Ag\u00eancia de Comunica\u00e7\u00e3o Total e Integrada","robots":{"index":"index","follow":"follow","max-snippet":"max-snippet:-1","max-image-preview":"max-image-preview:large","max-video-preview":"max-video-preview:-1"},"canonical":"https:\/\/suprema.ppg.br\/site\/portfolio-eventos-corporativos\/","og_locale":"pt_BR","og_type":"article","og_title":"Portf\u00f3lio - Eventos Corporativos - Suprema - Ag\u00eancia de Comunica\u00e7\u00e3o Total e Integrada","og_description":"Eventos Corporativos A Suprema est\u00e1 preparada para orientar sobre projetos de promo\u00e7\u00e3o e\/ou eventos corporativos incluindo a concep\u00e7\u00e3o, organiza\u00e7\u00e3o, coordena\u00e7\u00e3o, execu\u00e7\u00e3o e divulga\u00e7\u00e3o.","og_url":"https:\/\/suprema.ppg.br\/site\/portfolio-eventos-corporativos\/","og_site_name":"Suprema - Ag\u00eancia de Comunica\u00e7\u00e3o Total e Integrada","article_modified_time":"2020-07-10T17:55:01+00:00","twitter_card":"summary_large_image","schema":{"@context":"https:\/\/schema.org","@graph":[{"@type":"WebPage","@id":"https:\/\/suprema.ppg.br\/site\/portfolio-eventos-corporativos\/","url":"https:\/\/suprema.ppg.br\/site\/portfolio-eventos-corporativos\/","name":"Portf\u00f3lio - Eventos Corporativos - Suprema - Ag\u00eancia de Comunica\u00e7\u00e3o Total e Integrada","isPartOf":{"@id":"https:\/\/suprema.ppg.br\/site\/#website"},"datePublished":"2020-07-10T01:46:09+00:00","dateModified":"2020-07-10T17:55:01+00:00","breadcrumb":{"@id":"https:\/\/suprema.ppg.br\/site\/portfolio-eventos-corporativos\/#breadcrumb"},"inLanguage":"pt-BR","potentialAction":[{"@type":"ReadAction","target":["https:\/\/suprema.ppg.br\/site\/portfolio-eventos-corporativos\/"]}]},{"@type":"BreadcrumbList","@id":"https:\/\/suprema.ppg.br\/site\/portfolio-eventos-corporativos\/#breadcrumb","itemListElement":[{"@type":"ListItem","position":1,"name":"In\u00edcio","item":"https:\/\/suprema.ppg.br\/site\/"},{"@type":"ListItem","position":2,"name":"Portf\u00f3lio &#8211; Eventos Corporativos"}]},{"@type":"WebSite","@id":"https:\/\/suprema.ppg.br\/site\/#website","url":"https:\/\/suprema.ppg.br\/site\/","name":"Suprema - Ag\u00eancia de Comunica\u00e7\u00e3o Total e Integrada","description":"Ag&ecirc;ncia de comunica&ccedil;&atilde;o e publicidade","publisher":{"@id":"https:\/\/suprema.ppg.br\/site\/#organization"},"potentialAction":[{"@type":"SearchAction","target":{"@type":"EntryPoint","urlTemplate":"https:\/\/suprema.ppg.br\/site\/?s={search_term_string}"},"query-input":{"@type":"PropertyValueSpecification","valueRequired":true,"valueName":"search_term_string"}}],"inLanguage":"pt-BR"},{"@type":"Organization","@id":"https:\/\/suprema.ppg.br\/site\/#organization","name":"Suprema - Ag\u00eancia de Comunica\u00e7\u00e3o Total e Integrada","url":"https:\/\/suprema.ppg.br\/site\/","logo":{"@type":"ImageObject","inLanguage":"pt-BR","@id":"https:\/\/suprema.ppg.br\/site\/#\/schema\/logo\/image\/","url":"https:\/\/suprema.ppg.br\/site\/wp-content\/uploads\/2020\/07\/Suprema-Color-com-baloom-e1594152875778.png","contentUrl":"https:\/\/suprema.ppg.br\/site\/wp-content\/uploads\/2020\/07\/Suprema-Color-com-baloom-e1594152875778.png","width":375,"height":300,"caption":"Suprema - Ag\u00eancia de Comunica\u00e7\u00e3o Total e Integrada"},"image":{"@id":"https:\/\/suprema.ppg.br\/site\/#\/schema\/logo\/image\/"}}]}},"jetpack_sharing_enabled":true,"_links":{"self":[{"href":"https:\/\/suprema.ppg.br\/site\/wp-json\/wp\/v2\/pages\/1747","targetHints":{"allow":["GET"]}}],"collection":[{"href":"https:\/\/suprema.ppg.br\/site\/wp-json\/wp\/v2\/pages"}],"about":[{"href":"https:\/\/suprema.ppg.br\/site\/wp-json\/wp\/v2\/types\/page"}],"author":[{"embeddable":true,"href":"https:\/\/suprema.ppg.br\/site\/wp-json\/wp\/v2\/users\/1"}],"replies":[{"embeddable":true,"href":"https:\/\/suprema.ppg.br\/site\/wp-json\/wp\/v2\/comments?post=1747"}],"version-history":[{"count":3,"href":"https:\/\/suprema.ppg.br\/site\/wp-json\/wp\/v2\/pages\/1747\/revisions"}],"predecessor-version":[{"id":1813,"href":"https:\/\/suprema.ppg.br\/site\/wp-json\/wp\/v2\/pages\/1747\/revisions\/1813"}],"wp:attachment":[{"href":"https:\/\/suprema.ppg.br\/site\/wp-json\/wp\/v2\/media?parent=1747"}],"curies":[{"name":"wp","href":"https:\/\/api.w.org\/{rel}","templated":true}]}}