{"id":1750,"date":"2020-07-10T01:51:34","date_gmt":"2020-07-10T01:51:34","guid":{"rendered":"https:\/\/suprema.ppg.br\/site\/?page_id=1750"},"modified":"2020-07-10T17:53:26","modified_gmt":"2020-07-10T17:53:26","slug":"portfolio-assessoria-de-imprensa","status":"publish","type":"page","link":"https:\/\/suprema.ppg.br\/site\/portfolio-assessoria-de-imprensa\/","title":{"rendered":"Portf\u00f3lio &#8211; Assessoria de Imprensa"},"content":{"rendered":"\t\t<div data-elementor-type=\"wp-page\" data-elementor-id=\"1750\" class=\"elementor elementor-1750\" data-elementor-post-type=\"page\">\n\t\t\t\t\t\t<section class=\"elementor-section elementor-top-section elementor-element elementor-element-3357a69d elementor-section-boxed elementor-section-height-default elementor-section-height-default\" data-id=\"3357a69d\" data-element_type=\"section\" data-e-type=\"section\" data-settings=\"{&quot;background_background&quot;:&quot;classic&quot;}\">\n\t\t\t\t\t\t<div class=\"elementor-container elementor-column-gap-default\">\n\t\t\t\t\t<div class=\"elementor-column elementor-col-100 elementor-top-column elementor-element elementor-element-2d6e5357\" data-id=\"2d6e5357\" data-element_type=\"column\" data-e-type=\"column\">\n\t\t\t<div class=\"elementor-widget-wrap elementor-element-populated\">\n\t\t\t\t\t\t<div class=\"elementor-element elementor-element-4a9e2b50 elementor-widget elementor-widget-heading\" data-id=\"4a9e2b50\" data-element_type=\"widget\" data-e-type=\"widget\" data-widget_type=\"heading.default\">\n\t\t\t\t<div class=\"elementor-widget-container\">\n\t\t\t\t\t<h4 class=\"elementor-heading-title elementor-size-default\">Assessoria de Imprensa<\/h4>\t\t\t\t<\/div>\n\t\t\t\t<\/div>\n\t\t\t\t<div class=\"elementor-element elementor-element-6404fe79 elementor-widget elementor-widget-text-editor\" data-id=\"6404fe79\" data-element_type=\"widget\" data-e-type=\"widget\" data-widget_type=\"text-editor.default\">\n\t\t\t\t<div class=\"elementor-widget-container\">\n\t\t\t\t\t\t\t\t\t<p>A Suprema vive a comunica\u00e7\u00e3o como um todo.<br \/>E v\u00ea na assessoria de imprensa um dos principais pilares para alavancar neg\u00f3cios e transformar empresas em not\u00edcia.<br \/>Estamos preparados para elaborar a produ\u00e7\u00e3o editorial e gr\u00e1fica de publica\u00e7\u00f5es impressas ou eletr\u00f4nicas dirigidas aos p\u00fablicos interno ou externo.<br \/><br \/><\/p>\t\t\t\t\t\t\t\t<\/div>\n\t\t\t\t<\/div>\n\t\t\t\t<div class=\"elementor-element elementor-element-3eea11f4 elementor-grid-mobile-2 elementor-grid-3 elementor-grid-tablet-2 elementor-widget elementor-widget-portfolio\" data-id=\"3eea11f4\" data-element_type=\"widget\" data-e-type=\"widget\" data-settings=\"{&quot;masonry&quot;:&quot;yes&quot;,&quot;row_gap&quot;:{&quot;unit&quot;:&quot;px&quot;,&quot;size&quot;:30,&quot;sizes&quot;:[]},&quot;columns_mobile&quot;:&quot;2&quot;,&quot;columns&quot;:&quot;3&quot;,&quot;columns_tablet&quot;:&quot;2&quot;,&quot;item_gap&quot;:{&quot;unit&quot;:&quot;px&quot;,&quot;size&quot;:&quot;&quot;,&quot;sizes&quot;:[]}}\" data-widget_type=\"portfolio.default\">\n\t\t\t\t<div class=\"elementor-widget-container\">\n\t\t\t\t\t\t\t<div class=\"elementor-portfolio elementor-grid elementor-posts-container\">\n\t\t\t\t<article class=\"elementor-portfolio-item elementor-post elementor-filter-30 post-1693 portfolio_suprema type-portfolio_suprema status-publish has-post-thumbnail hentry category-assessoria-de-imprensa\">\n\t\t\t<a class=\"elementor-post__thumbnail__link\" href=\"https:\/\/suprema.ppg.br\/site\/portfolio_suprema\/livro-sindilojas-50-anos\/\">\n\t\t\t\t<div class=\"elementor-portfolio-item__img elementor-post__thumbnail\">\n\t\t\t<img decoding=\"async\" width=\"300\" height=\"128\" src=\"https:\/\/suprema.ppg.br\/site\/wp-content\/uploads\/2020\/07\/livro-5o-anos-sindilojas-300x128.png\" class=\"attachment-medium size-medium wp-image-1694\" alt=\"\" srcset=\"https:\/\/suprema.ppg.br\/site\/wp-content\/uploads\/2020\/07\/livro-5o-anos-sindilojas-300x128.png 300w, https:\/\/suprema.ppg.br\/site\/wp-content\/uploads\/2020\/07\/livro-5o-anos-sindilojas-1024x436.png 1024w, https:\/\/suprema.ppg.br\/site\/wp-content\/uploads\/2020\/07\/livro-5o-anos-sindilojas-768x327.png 768w, https:\/\/suprema.ppg.br\/site\/wp-content\/uploads\/2020\/07\/livro-5o-anos-sindilojas-1536x653.png 1536w, https:\/\/suprema.ppg.br\/site\/wp-content\/uploads\/2020\/07\/livro-5o-anos-sindilojas.png 1918w\" sizes=\"(max-width: 300px) 100vw, 300px\" \/>\t\t<\/div>\n\t\t\t\t<div class=\"elementor-portfolio-item__overlay\">\n\t\t\t\t<h6 class=\"elementor-portfolio-item__title\">\n\t\tLIVRO SINDILOJAS 50 ANOS\t\t<\/h6>\n\t\t\t\t<\/div>\n\t\t\t\t<\/a>\n\t\t<\/article>\n\t\t\t\t<article class=\"elementor-portfolio-item elementor-post elementor-filter-30 post-1699 portfolio_suprema type-portfolio_suprema status-publish has-post-thumbnail hentry category-assessoria-de-imprensa\">\n\t\t\t<a class=\"elementor-post__thumbnail__link\" href=\"https:\/\/suprema.ppg.br\/site\/portfolio_suprema\/revista-erechim-boas-noticias-prefeitura-de-erechim\/\">\n\t\t\t\t<div class=\"elementor-portfolio-item__img elementor-post__thumbnail\">\n\t\t\t<img decoding=\"async\" width=\"300\" height=\"160\" src=\"https:\/\/suprema.ppg.br\/site\/wp-content\/uploads\/2020\/07\/rev-ere-300x160.png\" class=\"attachment-medium size-medium wp-image-1700\" alt=\"\" srcset=\"https:\/\/suprema.ppg.br\/site\/wp-content\/uploads\/2020\/07\/rev-ere-300x160.png 300w, https:\/\/suprema.ppg.br\/site\/wp-content\/uploads\/2020\/07\/rev-ere.png 654w\" sizes=\"(max-width: 300px) 100vw, 300px\" \/>\t\t<\/div>\n\t\t\t\t<div class=\"elementor-portfolio-item__overlay\">\n\t\t\t\t<h6 class=\"elementor-portfolio-item__title\">\n\t\tREVISTA ERECHIM BOAS NOT\u00cdCIAS &#8211; PREFEITURA DE ERECHIM\t\t<\/h6>\n\t\t\t\t<\/div>\n\t\t\t\t<\/a>\n\t\t<\/article>\n\t\t\t\t<article class=\"elementor-portfolio-item elementor-post elementor-filter-30 post-1705 portfolio_suprema type-portfolio_suprema status-publish has-post-thumbnail hentry category-assessoria-de-imprensa\">\n\t\t\t<a class=\"elementor-post__thumbnail__link\" href=\"https:\/\/suprema.ppg.br\/site\/portfolio_suprema\/tv-cdl-erechim-canal-de-cdl-erechim-no-youtube\/\">\n\t\t\t\t<div class=\"elementor-portfolio-item__img elementor-post__thumbnail\">\n\t\t\t<img fetchpriority=\"high\" decoding=\"async\" width=\"300\" height=\"251\" src=\"https:\/\/suprema.ppg.br\/site\/wp-content\/uploads\/2020\/07\/TV-CDL-300x251.png\" class=\"attachment-medium size-medium wp-image-1706\" alt=\"\" srcset=\"https:\/\/suprema.ppg.br\/site\/wp-content\/uploads\/2020\/07\/TV-CDL-300x251.png 300w, https:\/\/suprema.ppg.br\/site\/wp-content\/uploads\/2020\/07\/TV-CDL-1024x855.png 1024w, https:\/\/suprema.ppg.br\/site\/wp-content\/uploads\/2020\/07\/TV-CDL-768x642.png 768w, https:\/\/suprema.ppg.br\/site\/wp-content\/uploads\/2020\/07\/TV-CDL.png 1093w\" sizes=\"(max-width: 300px) 100vw, 300px\" \/>\t\t<\/div>\n\t\t\t\t<div class=\"elementor-portfolio-item__overlay\">\n\t\t\t\t<h6 class=\"elementor-portfolio-item__title\">\n\t\tTV CDL ERECHIM CANAL DE CDL ERECHIM NO YOUTUBE\t\t<\/h6>\n\t\t\t\t<\/div>\n\t\t\t\t<\/a>\n\t\t<\/article>\n\t\t\t\t<article class=\"elementor-portfolio-item elementor-post elementor-filter-30 post-1701 portfolio_suprema type-portfolio_suprema status-publish has-post-thumbnail hentry category-assessoria-de-imprensa\">\n\t\t\t<a class=\"elementor-post__thumbnail__link\" href=\"https:\/\/suprema.ppg.br\/site\/portfolio_suprema\/livro-planejamento-estrategico-do-alto-uruguai-agencia-desenvolvimento\/\">\n\t\t\t\t<div class=\"elementor-portfolio-item__img elementor-post__thumbnail\">\n\t\t\t<img loading=\"lazy\" decoding=\"async\" width=\"247\" height=\"300\" src=\"https:\/\/suprema.ppg.br\/site\/wp-content\/uploads\/2020\/07\/Livro-AD-AU-247x300.png\" class=\"attachment-medium size-medium wp-image-1702\" alt=\"\" srcset=\"https:\/\/suprema.ppg.br\/site\/wp-content\/uploads\/2020\/07\/Livro-AD-AU-247x300.png 247w, https:\/\/suprema.ppg.br\/site\/wp-content\/uploads\/2020\/07\/Livro-AD-AU.png 407w\" sizes=\"(max-width: 247px) 100vw, 247px\" \/>\t\t<\/div>\n\t\t\t\t<div class=\"elementor-portfolio-item__overlay\">\n\t\t\t\t<h6 class=\"elementor-portfolio-item__title\">\n\t\tLIVRO PLANEJAMENTO ESTRAT\u00c9GICO DO ALTO URUGUAI AG\u00caNCIA DESENVOLVIMENTO\t\t<\/h6>\n\t\t\t\t<\/div>\n\t\t\t\t<\/a>\n\t\t<\/article>\n\t\t\t\t<article class=\"elementor-portfolio-item elementor-post elementor-filter-30 post-1703 portfolio_suprema type-portfolio_suprema status-publish has-post-thumbnail hentry category-assessoria-de-imprensa\">\n\t\t\t<a class=\"elementor-post__thumbnail__link\" href=\"https:\/\/suprema.ppg.br\/site\/portfolio_suprema\/relatorio-de-gestao-cdl-erechim-2018-2019\/\">\n\t\t\t\t<div class=\"elementor-portfolio-item__img elementor-post__thumbnail\">\n\t\t\t<img loading=\"lazy\" decoding=\"async\" width=\"300\" height=\"200\" src=\"https:\/\/suprema.ppg.br\/site\/wp-content\/uploads\/2020\/07\/IMG_7436-1-300x200.png\" class=\"attachment-medium size-medium wp-image-1704\" alt=\"\" srcset=\"https:\/\/suprema.ppg.br\/site\/wp-content\/uploads\/2020\/07\/IMG_7436-1-300x200.png 300w, https:\/\/suprema.ppg.br\/site\/wp-content\/uploads\/2020\/07\/IMG_7436-1-1024x683.png 1024w, https:\/\/suprema.ppg.br\/site\/wp-content\/uploads\/2020\/07\/IMG_7436-1-768x512.png 768w, https:\/\/suprema.ppg.br\/site\/wp-content\/uploads\/2020\/07\/IMG_7436-1-1536x1024.png 1536w\" sizes=\"(max-width: 300px) 100vw, 300px\" \/>\t\t<\/div>\n\t\t\t\t<div class=\"elementor-portfolio-item__overlay\">\n\t\t\t\t<h6 class=\"elementor-portfolio-item__title\">\n\t\tRELAT\u00d3RIO DE GEST\u00c3O CDL ERECHIM 2018-2019\t\t<\/h6>\n\t\t\t\t<\/div>\n\t\t\t\t<\/a>\n\t\t<\/article>\n\t\t\t\t<article class=\"elementor-portfolio-item elementor-post elementor-filter-30 post-1695 portfolio_suprema type-portfolio_suprema status-publish has-post-thumbnail hentry category-assessoria-de-imprensa\">\n\t\t\t<a class=\"elementor-post__thumbnail__link\" href=\"https:\/\/suprema.ppg.br\/site\/portfolio_suprema\/jornal-revista-do-varejo-sindilojas\/\">\n\t\t\t\t<div class=\"elementor-portfolio-item__img elementor-post__thumbnail\">\n\t\t\t<img loading=\"lazy\" decoding=\"async\" width=\"300\" height=\"163\" src=\"https:\/\/suprema.ppg.br\/site\/wp-content\/uploads\/2020\/07\/revista-sindilojas-300x163.png\" class=\"attachment-medium size-medium wp-image-1696\" alt=\"\" srcset=\"https:\/\/suprema.ppg.br\/site\/wp-content\/uploads\/2020\/07\/revista-sindilojas-300x163.png 300w, https:\/\/suprema.ppg.br\/site\/wp-content\/uploads\/2020\/07\/revista-sindilojas-1024x557.png 1024w, https:\/\/suprema.ppg.br\/site\/wp-content\/uploads\/2020\/07\/revista-sindilojas-768x417.png 768w, https:\/\/suprema.ppg.br\/site\/wp-content\/uploads\/2020\/07\/revista-sindilojas-1536x835.png 1536w, https:\/\/suprema.ppg.br\/site\/wp-content\/uploads\/2020\/07\/revista-sindilojas.png 1803w\" sizes=\"(max-width: 300px) 100vw, 300px\" \/>\t\t<\/div>\n\t\t\t\t<div class=\"elementor-portfolio-item__overlay\">\n\t\t\t\t<h6 class=\"elementor-portfolio-item__title\">\n\t\tJORNAL REVISTA DO VAREJO SINDILOJAS\t\t<\/h6>\n\t\t\t\t<\/div>\n\t\t\t\t<\/a>\n\t\t<\/article>\n\t\t\t\t<\/div>\n\t\t\t\t\t\t<\/div>\n\t\t\t\t<\/div>\n\t\t\t\t\t<\/div>\n\t\t<\/div>\n\t\t\t\t\t<\/div>\n\t\t<\/section>\n\t\t\t\t<\/div>\n\t\t","protected":false},"excerpt":{"rendered":"<p>Assessoria de Imprensa A Suprema vive a comunica\u00e7\u00e3o como um todo.E v\u00ea na assessoria de imprensa um dos principais pilares para alavancar neg\u00f3cios e transformar empresas em not\u00edcia.Estamos preparados para elaborar a produ\u00e7\u00e3o editorial e gr\u00e1fica de publica\u00e7\u00f5es impressas ou eletr\u00f4nicas dirigidas aos p\u00fablicos interno ou externo.<\/p>\n","protected":false},"author":1,"featured_media":0,"parent":0,"menu_order":0,"comment_status":"closed","ping_status":"closed","template":"","meta":{"site-sidebar-layout":"no-sidebar","site-content-layout":"page-builder","ast-site-content-layout":"default","site-content-style":"default","site-sidebar-style":"default","ast-global-header-display":"","ast-banner-title-visibility":"","ast-main-header-display":"","ast-hfb-above-header-display":"","ast-hfb-below-header-display":"","ast-hfb-mobile-header-display":"","site-post-title":"disabled","ast-breadcrumbs-content":"","ast-featured-img":"disabled","footer-sml-layout":"","ast-disable-related-posts":"","theme-transparent-header-meta":"default","adv-header-id-meta":"","stick-header-meta":"","header-above-stick-meta":"","header-main-stick-meta":"","header-below-stick-meta":"","astra-migrate-meta-layouts":"default","ast-page-background-enabled":"default","ast-page-background-meta":{"desktop":{"background-color":"","background-image":"","background-repeat":"repeat","background-position":"center center","background-size":"auto","background-attachment":"scroll","background-type":"","background-media":"","overlay-type":"","overlay-color":"","overlay-opacity":"","overlay-gradient":""},"tablet":{"background-color":"","background-image":"","background-repeat":"repeat","background-position":"center center","background-size":"auto","background-attachment":"scroll","background-type":"","background-media":"","overlay-type":"","overlay-color":"","overlay-opacity":"","overlay-gradient":""},"mobile":{"background-color":"","background-image":"","background-repeat":"repeat","background-position":"center center","background-size":"auto","background-attachment":"scroll","background-type":"","background-media":"","overlay-type":"","overlay-color":"","overlay-opacity":"","overlay-gradient":""}},"ast-content-background-meta":{"desktop":{"background-color":"var(--ast-global-color-5)","background-image":"","background-repeat":"repeat","background-position":"center center","background-size":"auto","background-attachment":"scroll","background-type":"","background-media":"","overlay-type":"","overlay-color":"","overlay-opacity":"","overlay-gradient":""},"tablet":{"background-color":"var(--ast-global-color-5)","background-image":"","background-repeat":"repeat","background-position":"center center","background-size":"auto","background-attachment":"scroll","background-type":"","background-media":"","overlay-type":"","overlay-color":"","overlay-opacity":"","overlay-gradient":""},"mobile":{"background-color":"var(--ast-global-color-5)","background-image":"","background-repeat":"repeat","background-position":"center center","background-size":"auto","background-attachment":"scroll","background-type":"","background-media":"","overlay-type":"","overlay-color":"","overlay-opacity":"","overlay-gradient":""}},"footnotes":""},"class_list":["post-1750","page","type-page","status-publish","hentry"],"yoast_head":"<!-- This site is optimized with the Yoast SEO plugin v27.4 - https:\/\/yoast.com\/product\/yoast-seo-wordpress\/ -->\n<title>Portf\u00f3lio - Assessoria de Imprensa - Suprema - Ag\u00eancia de Comunica\u00e7\u00e3o Total e Integrada<\/title>\n<meta name=\"robots\" content=\"index, follow, max-snippet:-1, max-image-preview:large, max-video-preview:-1\" \/>\n<link rel=\"canonical\" href=\"https:\/\/suprema.ppg.br\/site\/portfolio-assessoria-de-imprensa\/\" \/>\n<meta property=\"og:locale\" content=\"pt_BR\" \/>\n<meta property=\"og:type\" content=\"article\" \/>\n<meta property=\"og:title\" content=\"Portf\u00f3lio - Assessoria de Imprensa - Suprema - Ag\u00eancia de Comunica\u00e7\u00e3o Total e Integrada\" \/>\n<meta property=\"og:description\" content=\"Assessoria de Imprensa A Suprema vive a comunica\u00e7\u00e3o como um todo.E v\u00ea na assessoria de imprensa um dos principais pilares para alavancar neg\u00f3cios e transformar empresas em not\u00edcia.Estamos preparados para elaborar a produ\u00e7\u00e3o editorial e gr\u00e1fica de publica\u00e7\u00f5es impressas ou eletr\u00f4nicas dirigidas aos p\u00fablicos interno ou externo.\" \/>\n<meta property=\"og:url\" content=\"https:\/\/suprema.ppg.br\/site\/portfolio-assessoria-de-imprensa\/\" \/>\n<meta property=\"og:site_name\" content=\"Suprema - Ag\u00eancia de Comunica\u00e7\u00e3o Total e Integrada\" \/>\n<meta property=\"article:modified_time\" content=\"2020-07-10T17:53:26+00:00\" \/>\n<meta name=\"twitter:card\" content=\"summary_large_image\" \/>\n<script type=\"application\/ld+json\" class=\"yoast-schema-graph\">{\"@context\":\"https:\\\/\\\/schema.org\",\"@graph\":[{\"@type\":\"WebPage\",\"@id\":\"https:\\\/\\\/suprema.ppg.br\\\/site\\\/portfolio-assessoria-de-imprensa\\\/\",\"url\":\"https:\\\/\\\/suprema.ppg.br\\\/site\\\/portfolio-assessoria-de-imprensa\\\/\",\"name\":\"Portf\u00f3lio - Assessoria de Imprensa - Suprema - Ag\u00eancia de Comunica\u00e7\u00e3o Total e Integrada\",\"isPartOf\":{\"@id\":\"https:\\\/\\\/suprema.ppg.br\\\/site\\\/#website\"},\"datePublished\":\"2020-07-10T01:51:34+00:00\",\"dateModified\":\"2020-07-10T17:53:26+00:00\",\"breadcrumb\":{\"@id\":\"https:\\\/\\\/suprema.ppg.br\\\/site\\\/portfolio-assessoria-de-imprensa\\\/#breadcrumb\"},\"inLanguage\":\"pt-BR\",\"potentialAction\":[{\"@type\":\"ReadAction\",\"target\":[\"https:\\\/\\\/suprema.ppg.br\\\/site\\\/portfolio-assessoria-de-imprensa\\\/\"]}]},{\"@type\":\"BreadcrumbList\",\"@id\":\"https:\\\/\\\/suprema.ppg.br\\\/site\\\/portfolio-assessoria-de-imprensa\\\/#breadcrumb\",\"itemListElement\":[{\"@type\":\"ListItem\",\"position\":1,\"name\":\"In\u00edcio\",\"item\":\"https:\\\/\\\/suprema.ppg.br\\\/site\\\/\"},{\"@type\":\"ListItem\",\"position\":2,\"name\":\"Portf\u00f3lio &#8211; Assessoria de Imprensa\"}]},{\"@type\":\"WebSite\",\"@id\":\"https:\\\/\\\/suprema.ppg.br\\\/site\\\/#website\",\"url\":\"https:\\\/\\\/suprema.ppg.br\\\/site\\\/\",\"name\":\"Suprema - Ag\u00eancia de Comunica\u00e7\u00e3o Total e Integrada\",\"description\":\"Ag&ecirc;ncia de comunica&ccedil;&atilde;o e publicidade\",\"publisher\":{\"@id\":\"https:\\\/\\\/suprema.ppg.br\\\/site\\\/#organization\"},\"potentialAction\":[{\"@type\":\"SearchAction\",\"target\":{\"@type\":\"EntryPoint\",\"urlTemplate\":\"https:\\\/\\\/suprema.ppg.br\\\/site\\\/?s={search_term_string}\"},\"query-input\":{\"@type\":\"PropertyValueSpecification\",\"valueRequired\":true,\"valueName\":\"search_term_string\"}}],\"inLanguage\":\"pt-BR\"},{\"@type\":\"Organization\",\"@id\":\"https:\\\/\\\/suprema.ppg.br\\\/site\\\/#organization\",\"name\":\"Suprema - Ag\u00eancia de Comunica\u00e7\u00e3o Total e Integrada\",\"url\":\"https:\\\/\\\/suprema.ppg.br\\\/site\\\/\",\"logo\":{\"@type\":\"ImageObject\",\"inLanguage\":\"pt-BR\",\"@id\":\"https:\\\/\\\/suprema.ppg.br\\\/site\\\/#\\\/schema\\\/logo\\\/image\\\/\",\"url\":\"https:\\\/\\\/suprema.ppg.br\\\/site\\\/wp-content\\\/uploads\\\/2020\\\/07\\\/Suprema-Color-com-baloom-e1594152875778.png\",\"contentUrl\":\"https:\\\/\\\/suprema.ppg.br\\\/site\\\/wp-content\\\/uploads\\\/2020\\\/07\\\/Suprema-Color-com-baloom-e1594152875778.png\",\"width\":375,\"height\":300,\"caption\":\"Suprema - Ag\u00eancia de Comunica\u00e7\u00e3o Total e Integrada\"},\"image\":{\"@id\":\"https:\\\/\\\/suprema.ppg.br\\\/site\\\/#\\\/schema\\\/logo\\\/image\\\/\"}}]}<\/script>\n<!-- \/ Yoast SEO plugin. -->","yoast_head_json":{"title":"Portf\u00f3lio - Assessoria de Imprensa - Suprema - Ag\u00eancia de Comunica\u00e7\u00e3o Total e Integrada","robots":{"index":"index","follow":"follow","max-snippet":"max-snippet:-1","max-image-preview":"max-image-preview:large","max-video-preview":"max-video-preview:-1"},"canonical":"https:\/\/suprema.ppg.br\/site\/portfolio-assessoria-de-imprensa\/","og_locale":"pt_BR","og_type":"article","og_title":"Portf\u00f3lio - Assessoria de Imprensa - Suprema - Ag\u00eancia de Comunica\u00e7\u00e3o Total e Integrada","og_description":"Assessoria de Imprensa A Suprema vive a comunica\u00e7\u00e3o como um todo.E v\u00ea na assessoria de imprensa um dos principais pilares para alavancar neg\u00f3cios e transformar empresas em not\u00edcia.Estamos preparados para elaborar a produ\u00e7\u00e3o editorial e gr\u00e1fica de publica\u00e7\u00f5es impressas ou eletr\u00f4nicas dirigidas aos p\u00fablicos interno ou externo.","og_url":"https:\/\/suprema.ppg.br\/site\/portfolio-assessoria-de-imprensa\/","og_site_name":"Suprema - Ag\u00eancia de Comunica\u00e7\u00e3o Total e Integrada","article_modified_time":"2020-07-10T17:53:26+00:00","twitter_card":"summary_large_image","schema":{"@context":"https:\/\/schema.org","@graph":[{"@type":"WebPage","@id":"https:\/\/suprema.ppg.br\/site\/portfolio-assessoria-de-imprensa\/","url":"https:\/\/suprema.ppg.br\/site\/portfolio-assessoria-de-imprensa\/","name":"Portf\u00f3lio - Assessoria de Imprensa - Suprema - Ag\u00eancia de Comunica\u00e7\u00e3o Total e Integrada","isPartOf":{"@id":"https:\/\/suprema.ppg.br\/site\/#website"},"datePublished":"2020-07-10T01:51:34+00:00","dateModified":"2020-07-10T17:53:26+00:00","breadcrumb":{"@id":"https:\/\/suprema.ppg.br\/site\/portfolio-assessoria-de-imprensa\/#breadcrumb"},"inLanguage":"pt-BR","potentialAction":[{"@type":"ReadAction","target":["https:\/\/suprema.ppg.br\/site\/portfolio-assessoria-de-imprensa\/"]}]},{"@type":"BreadcrumbList","@id":"https:\/\/suprema.ppg.br\/site\/portfolio-assessoria-de-imprensa\/#breadcrumb","itemListElement":[{"@type":"ListItem","position":1,"name":"In\u00edcio","item":"https:\/\/suprema.ppg.br\/site\/"},{"@type":"ListItem","position":2,"name":"Portf\u00f3lio &#8211; Assessoria de Imprensa"}]},{"@type":"WebSite","@id":"https:\/\/suprema.ppg.br\/site\/#website","url":"https:\/\/suprema.ppg.br\/site\/","name":"Suprema - Ag\u00eancia de Comunica\u00e7\u00e3o Total e Integrada","description":"Ag&ecirc;ncia de comunica&ccedil;&atilde;o e publicidade","publisher":{"@id":"https:\/\/suprema.ppg.br\/site\/#organization"},"potentialAction":[{"@type":"SearchAction","target":{"@type":"EntryPoint","urlTemplate":"https:\/\/suprema.ppg.br\/site\/?s={search_term_string}"},"query-input":{"@type":"PropertyValueSpecification","valueRequired":true,"valueName":"search_term_string"}}],"inLanguage":"pt-BR"},{"@type":"Organization","@id":"https:\/\/suprema.ppg.br\/site\/#organization","name":"Suprema - Ag\u00eancia de Comunica\u00e7\u00e3o Total e Integrada","url":"https:\/\/suprema.ppg.br\/site\/","logo":{"@type":"ImageObject","inLanguage":"pt-BR","@id":"https:\/\/suprema.ppg.br\/site\/#\/schema\/logo\/image\/","url":"https:\/\/suprema.ppg.br\/site\/wp-content\/uploads\/2020\/07\/Suprema-Color-com-baloom-e1594152875778.png","contentUrl":"https:\/\/suprema.ppg.br\/site\/wp-content\/uploads\/2020\/07\/Suprema-Color-com-baloom-e1594152875778.png","width":375,"height":300,"caption":"Suprema - Ag\u00eancia de Comunica\u00e7\u00e3o Total e Integrada"},"image":{"@id":"https:\/\/suprema.ppg.br\/site\/#\/schema\/logo\/image\/"}}]}},"jetpack_sharing_enabled":true,"_links":{"self":[{"href":"https:\/\/suprema.ppg.br\/site\/wp-json\/wp\/v2\/pages\/1750","targetHints":{"allow":["GET"]}}],"collection":[{"href":"https:\/\/suprema.ppg.br\/site\/wp-json\/wp\/v2\/pages"}],"about":[{"href":"https:\/\/suprema.ppg.br\/site\/wp-json\/wp\/v2\/types\/page"}],"author":[{"embeddable":true,"href":"https:\/\/suprema.ppg.br\/site\/wp-json\/wp\/v2\/users\/1"}],"replies":[{"embeddable":true,"href":"https:\/\/suprema.ppg.br\/site\/wp-json\/wp\/v2\/comments?post=1750"}],"version-history":[{"count":3,"href":"https:\/\/suprema.ppg.br\/site\/wp-json\/wp\/v2\/pages\/1750\/revisions"}],"predecessor-version":[{"id":1812,"href":"https:\/\/suprema.ppg.br\/site\/wp-json\/wp\/v2\/pages\/1750\/revisions\/1812"}],"wp:attachment":[{"href":"https:\/\/suprema.ppg.br\/site\/wp-json\/wp\/v2\/media?parent=1750"}],"curies":[{"name":"wp","href":"https:\/\/api.w.org\/{rel}","templated":true}]}}