{"id":1753,"date":"2020-07-10T02:00:24","date_gmt":"2020-07-10T02:00:24","guid":{"rendered":"https:\/\/suprema.ppg.br\/site\/?page_id=1753"},"modified":"2020-07-10T20:09:47","modified_gmt":"2020-07-10T20:09:47","slug":"projetos-comunitarios","status":"publish","type":"page","link":"https:\/\/suprema.ppg.br\/site\/projetos-comunitarios\/","title":{"rendered":"Projetos Comunit\u00e1rios"},"content":{"rendered":"\t\t<div data-elementor-type=\"wp-page\" data-elementor-id=\"1753\" class=\"elementor elementor-1753\" data-elementor-post-type=\"page\">\n\t\t\t\t\t\t<section class=\"elementor-section elementor-top-section elementor-element elementor-element-1a8ce540 elementor-section-boxed elementor-section-height-default elementor-section-height-default\" data-id=\"1a8ce540\" data-element_type=\"section\" data-e-type=\"section\" data-settings=\"{&quot;background_background&quot;:&quot;classic&quot;}\">\n\t\t\t\t\t\t<div class=\"elementor-container elementor-column-gap-default\">\n\t\t\t\t\t<div class=\"elementor-column elementor-col-100 elementor-top-column elementor-element elementor-element-33c735f9\" data-id=\"33c735f9\" data-element_type=\"column\" data-e-type=\"column\">\n\t\t\t<div class=\"elementor-widget-wrap elementor-element-populated\">\n\t\t\t\t\t\t<div class=\"elementor-element elementor-element-302b7bdc elementor-widget elementor-widget-heading\" data-id=\"302b7bdc\" data-element_type=\"widget\" data-e-type=\"widget\" data-widget_type=\"heading.default\">\n\t\t\t\t<div class=\"elementor-widget-container\">\n\t\t\t\t\t<h4 class=\"elementor-heading-title elementor-size-default\">Projetos Comunit\u00e1rios<\/h4>\t\t\t\t<\/div>\n\t\t\t\t<\/div>\n\t\t\t\t<div class=\"elementor-element elementor-element-3b654b60 elementor-widget elementor-widget-text-editor\" data-id=\"3b654b60\" data-element_type=\"widget\" data-e-type=\"widget\" data-widget_type=\"text-editor.default\">\n\t\t\t\t<div class=\"elementor-widget-container\">\n\t\t\t\t\t\t\t\t\t<p>Toda a empresa deve destinar parte do seu tempo ao bem-estar da comunidade.<br \/>A Suprema tamb\u00e9m tem feito o seu papel socialmente respons\u00e1vel contribuindo com o desenvolvimento de diversos trabahos de cunho social e comunit\u00e1rio.<\/p>\t\t\t\t\t\t\t\t<\/div>\n\t\t\t\t<\/div>\n\t\t\t\t<div class=\"elementor-element elementor-element-63d88f75 elementor-grid-4 elementor-grid-mobile-2 elementor-grid-tablet-2 elementor-widget elementor-widget-portfolio\" data-id=\"63d88f75\" data-element_type=\"widget\" data-e-type=\"widget\" data-settings=\"{&quot;columns&quot;:&quot;4&quot;,&quot;masonry&quot;:&quot;yes&quot;,&quot;row_gap&quot;:{&quot;unit&quot;:&quot;px&quot;,&quot;size&quot;:30,&quot;sizes&quot;:[]},&quot;columns_mobile&quot;:&quot;2&quot;,&quot;columns_tablet&quot;:&quot;2&quot;,&quot;item_gap&quot;:{&quot;unit&quot;:&quot;px&quot;,&quot;size&quot;:&quot;&quot;,&quot;sizes&quot;:[]}}\" data-widget_type=\"portfolio.default\">\n\t\t\t\t<div class=\"elementor-widget-container\">\n\t\t\t\t\t\t\t<div class=\"elementor-portfolio elementor-grid elementor-posts-container\">\n\t\t\t\t<article class=\"elementor-portfolio-item elementor-post elementor-filter-31 post-1709 portfolio_suprema type-portfolio_suprema status-publish has-post-thumbnail hentry category-projetos-comunitarios\">\n\t\t\t<a class=\"elementor-post__thumbnail__link\" href=\"https:\/\/suprema.ppg.br\/site\/portfolio_suprema\/campanha-do-agasalho-2007\/\">\n\t\t\t\t<div class=\"elementor-portfolio-item__img elementor-post__thumbnail\">\n\t\t\t<img fetchpriority=\"high\" decoding=\"async\" width=\"202\" height=\"300\" src=\"https:\/\/suprema.ppg.br\/site\/wp-content\/uploads\/2020\/07\/Cartaz-Campanha-Agasalho-202x300.png\" class=\"attachment-medium size-medium wp-image-1710\" alt=\"\" srcset=\"https:\/\/suprema.ppg.br\/site\/wp-content\/uploads\/2020\/07\/Cartaz-Campanha-Agasalho-202x300.png 202w, https:\/\/suprema.ppg.br\/site\/wp-content\/uploads\/2020\/07\/Cartaz-Campanha-Agasalho.png 295w\" sizes=\"(max-width: 202px) 100vw, 202px\" \/>\t\t<\/div>\n\t\t\t\t<div class=\"elementor-portfolio-item__overlay\">\n\t\t\t\t<h6 class=\"elementor-portfolio-item__title\">\n\t\tCAMPANHA DO AGASALHO 2007\t\t<\/h6>\n\t\t\t\t<\/div>\n\t\t\t\t<\/a>\n\t\t<\/article>\n\t\t\t\t<article class=\"elementor-portfolio-item elementor-post elementor-filter-31 post-1711 portfolio_suprema type-portfolio_suprema status-publish has-post-thumbnail hentry category-projetos-comunitarios\">\n\t\t\t<a class=\"elementor-post__thumbnail__link\" href=\"https:\/\/suprema.ppg.br\/site\/portfolio_suprema\/campanha-do-agasalho-2020\/\">\n\t\t\t\t<div class=\"elementor-portfolio-item__img elementor-post__thumbnail\">\n\t\t\t<img decoding=\"async\" width=\"212\" height=\"300\" src=\"https:\/\/suprema.ppg.br\/site\/wp-content\/uploads\/2020\/07\/2020.05.07-Cartaz-Campanha-do-Agasalho_Prancheta-1-212x300.png\" class=\"attachment-medium size-medium wp-image-1712\" alt=\"\" srcset=\"https:\/\/suprema.ppg.br\/site\/wp-content\/uploads\/2020\/07\/2020.05.07-Cartaz-Campanha-do-Agasalho_Prancheta-1-212x300.png 212w, https:\/\/suprema.ppg.br\/site\/wp-content\/uploads\/2020\/07\/2020.05.07-Cartaz-Campanha-do-Agasalho_Prancheta-1-724x1024.png 724w, https:\/\/suprema.ppg.br\/site\/wp-content\/uploads\/2020\/07\/2020.05.07-Cartaz-Campanha-do-Agasalho_Prancheta-1-768x1086.png 768w, https:\/\/suprema.ppg.br\/site\/wp-content\/uploads\/2020\/07\/2020.05.07-Cartaz-Campanha-do-Agasalho_Prancheta-1-1086x1536.png 1086w, https:\/\/suprema.ppg.br\/site\/wp-content\/uploads\/2020\/07\/2020.05.07-Cartaz-Campanha-do-Agasalho_Prancheta-1-1448x2048.png 1448w, https:\/\/suprema.ppg.br\/site\/wp-content\/uploads\/2020\/07\/2020.05.07-Cartaz-Campanha-do-Agasalho_Prancheta-1.png 1810w\" sizes=\"(max-width: 212px) 100vw, 212px\" \/>\t\t<\/div>\n\t\t\t\t<div class=\"elementor-portfolio-item__overlay\">\n\t\t\t\t<h6 class=\"elementor-portfolio-item__title\">\n\t\tCAMPANHA DO AGASALHO 2020\t\t<\/h6>\n\t\t\t\t<\/div>\n\t\t\t\t<\/a>\n\t\t<\/article>\n\t\t\t\t<article class=\"elementor-portfolio-item elementor-post elementor-filter-31 post-1713 portfolio_suprema type-portfolio_suprema status-publish has-post-thumbnail hentry category-projetos-comunitarios\">\n\t\t\t<a class=\"elementor-post__thumbnail__link\" href=\"https:\/\/suprema.ppg.br\/site\/portfolio_suprema\/adesivo-use-o-cinto\/\">\n\t\t\t\t<div class=\"elementor-portfolio-item__img elementor-post__thumbnail\">\n\t\t\t<img decoding=\"async\" width=\"198\" height=\"300\" src=\"https:\/\/suprema.ppg.br\/site\/wp-content\/uploads\/2020\/07\/Adesivo-Use-Cinto-198x300.png\" class=\"attachment-medium size-medium wp-image-1714\" alt=\"\" srcset=\"https:\/\/suprema.ppg.br\/site\/wp-content\/uploads\/2020\/07\/Adesivo-Use-Cinto-198x300.png 198w, https:\/\/suprema.ppg.br\/site\/wp-content\/uploads\/2020\/07\/Adesivo-Use-Cinto.png 227w\" sizes=\"(max-width: 198px) 100vw, 198px\" \/>\t\t<\/div>\n\t\t\t\t<div class=\"elementor-portfolio-item__overlay\">\n\t\t\t\t<h6 class=\"elementor-portfolio-item__title\">\n\t\tADESIVO USE O CINTO\t\t<\/h6>\n\t\t\t\t<\/div>\n\t\t\t\t<\/a>\n\t\t<\/article>\n\t\t\t\t<article class=\"elementor-portfolio-item elementor-post elementor-filter-31 post-1707 portfolio_suprema type-portfolio_suprema status-publish has-post-thumbnail hentry category-projetos-comunitarios\">\n\t\t\t<a class=\"elementor-post__thumbnail__link\" href=\"https:\/\/suprema.ppg.br\/site\/portfolio_suprema\/anuncio-patronato\/\">\n\t\t\t\t<div class=\"elementor-portfolio-item__img elementor-post__thumbnail\">\n\t\t\t<img loading=\"lazy\" decoding=\"async\" width=\"300\" height=\"112\" src=\"https:\/\/suprema.ppg.br\/site\/wp-content\/uploads\/2020\/07\/Anuncio-Patronato-300x112.png\" class=\"attachment-medium size-medium wp-image-1708\" alt=\"\" srcset=\"https:\/\/suprema.ppg.br\/site\/wp-content\/uploads\/2020\/07\/Anuncio-Patronato-300x112.png 300w, https:\/\/suprema.ppg.br\/site\/wp-content\/uploads\/2020\/07\/Anuncio-Patronato-768x287.png 768w, https:\/\/suprema.ppg.br\/site\/wp-content\/uploads\/2020\/07\/Anuncio-Patronato.png 869w\" sizes=\"(max-width: 300px) 100vw, 300px\" \/>\t\t<\/div>\n\t\t\t\t<div class=\"elementor-portfolio-item__overlay\">\n\t\t\t\t<h6 class=\"elementor-portfolio-item__title\">\n\t\tAN\u00daNCIO PATRONATO\t\t<\/h6>\n\t\t\t\t<\/div>\n\t\t\t\t<\/a>\n\t\t<\/article>\n\t\t\t\t<\/div>\n\t\t\t\t\t\t<\/div>\n\t\t\t\t<\/div>\n\t\t\t\t\t<\/div>\n\t\t<\/div>\n\t\t\t\t\t<\/div>\n\t\t<\/section>\n\t\t\t\t<\/div>\n\t\t","protected":false},"excerpt":{"rendered":"<p>Projetos Comunit\u00e1rios Toda a empresa deve destinar parte do seu tempo ao bem-estar da comunidade.A Suprema tamb\u00e9m tem feito o seu papel socialmente respons\u00e1vel contribuindo com o desenvolvimento de diversos trabahos de cunho social e comunit\u00e1rio.<\/p>\n","protected":false},"author":1,"featured_media":0,"parent":0,"menu_order":0,"comment_status":"closed","ping_status":"closed","template":"","meta":{"site-sidebar-layout":"no-sidebar","site-content-layout":"page-builder","ast-site-content-layout":"default","site-content-style":"default","site-sidebar-style":"default","ast-global-header-display":"","ast-banner-title-visibility":"","ast-main-header-display":"","ast-hfb-above-header-display":"","ast-hfb-below-header-display":"","ast-hfb-mobile-header-display":"","site-post-title":"disabled","ast-breadcrumbs-content":"","ast-featured-img":"disabled","footer-sml-layout":"","ast-disable-related-posts":"","theme-transparent-header-meta":"default","adv-header-id-meta":"","stick-header-meta":"","header-above-stick-meta":"","header-main-stick-meta":"","header-below-stick-meta":"","astra-migrate-meta-layouts":"default","ast-page-background-enabled":"default","ast-page-background-meta":{"desktop":{"background-color":"","background-image":"","background-repeat":"repeat","background-position":"center center","background-size":"auto","background-attachment":"scroll","background-type":"","background-media":"","overlay-type":"","overlay-color":"","overlay-opacity":"","overlay-gradient":""},"tablet":{"background-color":"","background-image":"","background-repeat":"repeat","background-position":"center center","background-size":"auto","background-attachment":"scroll","background-type":"","background-media":"","overlay-type":"","overlay-color":"","overlay-opacity":"","overlay-gradient":""},"mobile":{"background-color":"","background-image":"","background-repeat":"repeat","background-position":"center center","background-size":"auto","background-attachment":"scroll","background-type":"","background-media":"","overlay-type":"","overlay-color":"","overlay-opacity":"","overlay-gradient":""}},"ast-content-background-meta":{"desktop":{"background-color":"var(--ast-global-color-5)","background-image":"","background-repeat":"repeat","background-position":"center center","background-size":"auto","background-attachment":"scroll","background-type":"","background-media":"","overlay-type":"","overlay-color":"","overlay-opacity":"","overlay-gradient":""},"tablet":{"background-color":"var(--ast-global-color-5)","background-image":"","background-repeat":"repeat","background-position":"center center","background-size":"auto","background-attachment":"scroll","background-type":"","background-media":"","overlay-type":"","overlay-color":"","overlay-opacity":"","overlay-gradient":""},"mobile":{"background-color":"var(--ast-global-color-5)","background-image":"","background-repeat":"repeat","background-position":"center center","background-size":"auto","background-attachment":"scroll","background-type":"","background-media":"","overlay-type":"","overlay-color":"","overlay-opacity":"","overlay-gradient":""}},"footnotes":""},"class_list":["post-1753","page","type-page","status-publish","hentry"],"yoast_head":"<!-- This site is optimized with the Yoast SEO plugin v27.4 - https:\/\/yoast.com\/product\/yoast-seo-wordpress\/ -->\n<title>Projetos Comunit\u00e1rios - Suprema - Ag\u00eancia de Comunica\u00e7\u00e3o Total e Integrada<\/title>\n<meta name=\"robots\" content=\"index, follow, max-snippet:-1, max-image-preview:large, max-video-preview:-1\" \/>\n<link rel=\"canonical\" href=\"https:\/\/suprema.ppg.br\/site\/projetos-comunitarios\/\" \/>\n<meta property=\"og:locale\" content=\"pt_BR\" \/>\n<meta property=\"og:type\" content=\"article\" \/>\n<meta property=\"og:title\" content=\"Projetos Comunit\u00e1rios - Suprema - Ag\u00eancia de Comunica\u00e7\u00e3o Total e Integrada\" \/>\n<meta property=\"og:description\" content=\"Projetos Comunit\u00e1rios Toda a empresa deve destinar parte do seu tempo ao bem-estar da comunidade.A Suprema tamb\u00e9m tem feito o seu papel socialmente respons\u00e1vel contribuindo com o desenvolvimento de diversos trabahos de cunho social e comunit\u00e1rio.\" \/>\n<meta property=\"og:url\" content=\"https:\/\/suprema.ppg.br\/site\/projetos-comunitarios\/\" \/>\n<meta property=\"og:site_name\" content=\"Suprema - Ag\u00eancia de Comunica\u00e7\u00e3o Total e Integrada\" \/>\n<meta property=\"article:modified_time\" content=\"2020-07-10T20:09:47+00:00\" \/>\n<meta name=\"twitter:card\" content=\"summary_large_image\" \/>\n<script type=\"application\/ld+json\" class=\"yoast-schema-graph\">{\"@context\":\"https:\\\/\\\/schema.org\",\"@graph\":[{\"@type\":\"WebPage\",\"@id\":\"https:\\\/\\\/suprema.ppg.br\\\/site\\\/projetos-comunitarios\\\/\",\"url\":\"https:\\\/\\\/suprema.ppg.br\\\/site\\\/projetos-comunitarios\\\/\",\"name\":\"Projetos Comunit\u00e1rios - Suprema - Ag\u00eancia de Comunica\u00e7\u00e3o Total e Integrada\",\"isPartOf\":{\"@id\":\"https:\\\/\\\/suprema.ppg.br\\\/site\\\/#website\"},\"datePublished\":\"2020-07-10T02:00:24+00:00\",\"dateModified\":\"2020-07-10T20:09:47+00:00\",\"breadcrumb\":{\"@id\":\"https:\\\/\\\/suprema.ppg.br\\\/site\\\/projetos-comunitarios\\\/#breadcrumb\"},\"inLanguage\":\"pt-BR\",\"potentialAction\":[{\"@type\":\"ReadAction\",\"target\":[\"https:\\\/\\\/suprema.ppg.br\\\/site\\\/projetos-comunitarios\\\/\"]}]},{\"@type\":\"BreadcrumbList\",\"@id\":\"https:\\\/\\\/suprema.ppg.br\\\/site\\\/projetos-comunitarios\\\/#breadcrumb\",\"itemListElement\":[{\"@type\":\"ListItem\",\"position\":1,\"name\":\"In\u00edcio\",\"item\":\"https:\\\/\\\/suprema.ppg.br\\\/site\\\/\"},{\"@type\":\"ListItem\",\"position\":2,\"name\":\"Projetos Comunit\u00e1rios\"}]},{\"@type\":\"WebSite\",\"@id\":\"https:\\\/\\\/suprema.ppg.br\\\/site\\\/#website\",\"url\":\"https:\\\/\\\/suprema.ppg.br\\\/site\\\/\",\"name\":\"Suprema - Ag\u00eancia de Comunica\u00e7\u00e3o Total e Integrada\",\"description\":\"Ag&ecirc;ncia de comunica&ccedil;&atilde;o e publicidade\",\"publisher\":{\"@id\":\"https:\\\/\\\/suprema.ppg.br\\\/site\\\/#organization\"},\"potentialAction\":[{\"@type\":\"SearchAction\",\"target\":{\"@type\":\"EntryPoint\",\"urlTemplate\":\"https:\\\/\\\/suprema.ppg.br\\\/site\\\/?s={search_term_string}\"},\"query-input\":{\"@type\":\"PropertyValueSpecification\",\"valueRequired\":true,\"valueName\":\"search_term_string\"}}],\"inLanguage\":\"pt-BR\"},{\"@type\":\"Organization\",\"@id\":\"https:\\\/\\\/suprema.ppg.br\\\/site\\\/#organization\",\"name\":\"Suprema - Ag\u00eancia de Comunica\u00e7\u00e3o Total e Integrada\",\"url\":\"https:\\\/\\\/suprema.ppg.br\\\/site\\\/\",\"logo\":{\"@type\":\"ImageObject\",\"inLanguage\":\"pt-BR\",\"@id\":\"https:\\\/\\\/suprema.ppg.br\\\/site\\\/#\\\/schema\\\/logo\\\/image\\\/\",\"url\":\"https:\\\/\\\/suprema.ppg.br\\\/site\\\/wp-content\\\/uploads\\\/2020\\\/07\\\/Suprema-Color-com-baloom-e1594152875778.png\",\"contentUrl\":\"https:\\\/\\\/suprema.ppg.br\\\/site\\\/wp-content\\\/uploads\\\/2020\\\/07\\\/Suprema-Color-com-baloom-e1594152875778.png\",\"width\":375,\"height\":300,\"caption\":\"Suprema - Ag\u00eancia de Comunica\u00e7\u00e3o Total e Integrada\"},\"image\":{\"@id\":\"https:\\\/\\\/suprema.ppg.br\\\/site\\\/#\\\/schema\\\/logo\\\/image\\\/\"}}]}<\/script>\n<!-- \/ Yoast SEO plugin. -->","yoast_head_json":{"title":"Projetos Comunit\u00e1rios - Suprema - Ag\u00eancia de Comunica\u00e7\u00e3o Total e Integrada","robots":{"index":"index","follow":"follow","max-snippet":"max-snippet:-1","max-image-preview":"max-image-preview:large","max-video-preview":"max-video-preview:-1"},"canonical":"https:\/\/suprema.ppg.br\/site\/projetos-comunitarios\/","og_locale":"pt_BR","og_type":"article","og_title":"Projetos Comunit\u00e1rios - Suprema - Ag\u00eancia de Comunica\u00e7\u00e3o Total e Integrada","og_description":"Projetos Comunit\u00e1rios Toda a empresa deve destinar parte do seu tempo ao bem-estar da comunidade.A Suprema tamb\u00e9m tem feito o seu papel socialmente respons\u00e1vel contribuindo com o desenvolvimento de diversos trabahos de cunho social e comunit\u00e1rio.","og_url":"https:\/\/suprema.ppg.br\/site\/projetos-comunitarios\/","og_site_name":"Suprema - Ag\u00eancia de Comunica\u00e7\u00e3o Total e Integrada","article_modified_time":"2020-07-10T20:09:47+00:00","twitter_card":"summary_large_image","schema":{"@context":"https:\/\/schema.org","@graph":[{"@type":"WebPage","@id":"https:\/\/suprema.ppg.br\/site\/projetos-comunitarios\/","url":"https:\/\/suprema.ppg.br\/site\/projetos-comunitarios\/","name":"Projetos Comunit\u00e1rios - Suprema - Ag\u00eancia de Comunica\u00e7\u00e3o Total e Integrada","isPartOf":{"@id":"https:\/\/suprema.ppg.br\/site\/#website"},"datePublished":"2020-07-10T02:00:24+00:00","dateModified":"2020-07-10T20:09:47+00:00","breadcrumb":{"@id":"https:\/\/suprema.ppg.br\/site\/projetos-comunitarios\/#breadcrumb"},"inLanguage":"pt-BR","potentialAction":[{"@type":"ReadAction","target":["https:\/\/suprema.ppg.br\/site\/projetos-comunitarios\/"]}]},{"@type":"BreadcrumbList","@id":"https:\/\/suprema.ppg.br\/site\/projetos-comunitarios\/#breadcrumb","itemListElement":[{"@type":"ListItem","position":1,"name":"In\u00edcio","item":"https:\/\/suprema.ppg.br\/site\/"},{"@type":"ListItem","position":2,"name":"Projetos Comunit\u00e1rios"}]},{"@type":"WebSite","@id":"https:\/\/suprema.ppg.br\/site\/#website","url":"https:\/\/suprema.ppg.br\/site\/","name":"Suprema - Ag\u00eancia de Comunica\u00e7\u00e3o Total e Integrada","description":"Ag&ecirc;ncia de comunica&ccedil;&atilde;o e publicidade","publisher":{"@id":"https:\/\/suprema.ppg.br\/site\/#organization"},"potentialAction":[{"@type":"SearchAction","target":{"@type":"EntryPoint","urlTemplate":"https:\/\/suprema.ppg.br\/site\/?s={search_term_string}"},"query-input":{"@type":"PropertyValueSpecification","valueRequired":true,"valueName":"search_term_string"}}],"inLanguage":"pt-BR"},{"@type":"Organization","@id":"https:\/\/suprema.ppg.br\/site\/#organization","name":"Suprema - Ag\u00eancia de Comunica\u00e7\u00e3o Total e Integrada","url":"https:\/\/suprema.ppg.br\/site\/","logo":{"@type":"ImageObject","inLanguage":"pt-BR","@id":"https:\/\/suprema.ppg.br\/site\/#\/schema\/logo\/image\/","url":"https:\/\/suprema.ppg.br\/site\/wp-content\/uploads\/2020\/07\/Suprema-Color-com-baloom-e1594152875778.png","contentUrl":"https:\/\/suprema.ppg.br\/site\/wp-content\/uploads\/2020\/07\/Suprema-Color-com-baloom-e1594152875778.png","width":375,"height":300,"caption":"Suprema - Ag\u00eancia de Comunica\u00e7\u00e3o Total e Integrada"},"image":{"@id":"https:\/\/suprema.ppg.br\/site\/#\/schema\/logo\/image\/"}}]}},"jetpack_sharing_enabled":true,"_links":{"self":[{"href":"https:\/\/suprema.ppg.br\/site\/wp-json\/wp\/v2\/pages\/1753","targetHints":{"allow":["GET"]}}],"collection":[{"href":"https:\/\/suprema.ppg.br\/site\/wp-json\/wp\/v2\/pages"}],"about":[{"href":"https:\/\/suprema.ppg.br\/site\/wp-json\/wp\/v2\/types\/page"}],"author":[{"embeddable":true,"href":"https:\/\/suprema.ppg.br\/site\/wp-json\/wp\/v2\/users\/1"}],"replies":[{"embeddable":true,"href":"https:\/\/suprema.ppg.br\/site\/wp-json\/wp\/v2\/comments?post=1753"}],"version-history":[{"count":5,"href":"https:\/\/suprema.ppg.br\/site\/wp-json\/wp\/v2\/pages\/1753\/revisions"}],"predecessor-version":[{"id":1857,"href":"https:\/\/suprema.ppg.br\/site\/wp-json\/wp\/v2\/pages\/1753\/revisions\/1857"}],"wp:attachment":[{"href":"https:\/\/suprema.ppg.br\/site\/wp-json\/wp\/v2\/media?parent=1753"}],"curies":[{"name":"wp","href":"https:\/\/api.w.org\/{rel}","templated":true}]}}